{"id":183,"date":"2024-10-10T16:53:54","date_gmt":"2024-10-10T14:53:54","guid":{"rendered":"https:\/\/www.infotech90.fr\/?page_id=183"},"modified":"2024-10-11T18:31:17","modified_gmt":"2024-10-11T16:31:17","slug":"audits","status":"publish","type":"page","link":"https:\/\/www.infotech90.fr\/index.php\/services\/audits\/","title":{"rendered":"Audits &amp; Conseils"},"content":{"rendered":"<style>.kb-row-layout-id183_296a17-37 > .kt-row-column-wrap{align-content:start;}:where(.kb-row-layout-id183_296a17-37 > .kt-row-column-wrap) > .wp-block-kadence-column{justify-content:start;}.kb-row-layout-id183_296a17-37 > .kt-row-column-wrap{column-gap:var(--global-kb-gap-md, 2rem);row-gap:var(--global-kb-gap-md, 2rem);padding-top:var(--global-kb-spacing-sm, 1.5rem);padding-bottom:var(--global-kb-spacing-sm, 1.5rem);grid-template-columns:minmax(0, 2fr) minmax(0, 1fr);}.kb-row-layout-id183_296a17-37 > .kt-row-layout-overlay{opacity:0.30;}@media all and (max-width: 1024px){.kb-row-layout-id183_296a17-37 > .kt-row-column-wrap{grid-template-columns:minmax(0, 2fr) minmax(0, 1fr);}}@media all and (max-width: 767px){.kb-row-layout-id183_296a17-37 > .kt-row-column-wrap{grid-template-columns:minmax(0, 1fr);}}<\/style><div class=\"kb-row-layout-wrap kb-row-layout-id183_296a17-37 alignnone wp-block-kadence-rowlayout\"><div class=\"kt-row-column-wrap kt-has-2-columns kt-row-layout-left-golden kt-tab-layout-inherit kt-mobile-layout-row kt-row-valign-top\">\n<style>.kadence-column183_f98214-f5 > .kt-inside-inner-col,.kadence-column183_f98214-f5 > .kt-inside-inner-col:before{border-top-left-radius:0px;border-top-right-radius:0px;border-bottom-right-radius:0px;border-bottom-left-radius:0px;}.kadence-column183_f98214-f5 > .kt-inside-inner-col{column-gap:var(--global-kb-gap-sm, 1rem);}.kadence-column183_f98214-f5 > .kt-inside-inner-col{flex-direction:column;}.kadence-column183_f98214-f5 > .kt-inside-inner-col > .aligncenter{width:100%;}.kadence-column183_f98214-f5 > .kt-inside-inner-col:before{opacity:0.3;}.kadence-column183_f98214-f5{position:relative;}@media all and (max-width: 1024px){.kadence-column183_f98214-f5 > .kt-inside-inner-col{flex-direction:column;justify-content:center;}}@media all and (max-width: 767px){.kadence-column183_f98214-f5 > .kt-inside-inner-col{flex-direction:column;justify-content:center;}}<\/style>\n<div class=\"wp-block-kadence-column kadence-column183_f98214-f5\"><div class=\"kt-inside-inner-col\"><style>.wp-block-kadence-advancedheading.kt-adv-heading183_6b5d27-5c, .wp-block-kadence-advancedheading.kt-adv-heading183_6b5d27-5c[data-kb-block=\"kb-adv-heading183_6b5d27-5c\"]{font-style:normal;}.wp-block-kadence-advancedheading.kt-adv-heading183_6b5d27-5c mark.kt-highlight, .wp-block-kadence-advancedheading.kt-adv-heading183_6b5d27-5c[data-kb-block=\"kb-adv-heading183_6b5d27-5c\"] mark.kt-highlight{font-style:normal;color:#f76a0c;-webkit-box-decoration-break:clone;box-decoration-break:clone;padding-top:0px;padding-right:0px;padding-bottom:0px;padding-left:0px;}<\/style>\n<h6 class=\"kt-adv-heading183_6b5d27-5c wp-block-kadence-advancedheading\" data-kb-block=\"kb-adv-heading183_6b5d27-5c\"><strong>Vous \u00eates perdus dans la \u00ab\u00a0jungle\u00a0\u00bb des offres tant mat\u00e9riels que logiciel, vous avez besoin d&rsquo;un logiciel pour am\u00e9liorer la productivit\u00e9 de votre entreprise.<\/strong><\/h6>\n\n\n\n<p><\/p>\n\n\n\n<p><strong>Vous chercher un moyen d&rsquo;impression mais vous \u00eates perdus entre le rendement et les co\u00fbts d&rsquo;impressions.<\/strong><\/p>\n\n\n\n<p><strong>Votre r\u00e9seau semble saturer, votre ordinateur est lent, vous ne vous sentez pas efficace \u00e0 cause de probl\u00e8mes informatiques<\/strong>.<\/p>\n\n\n\n<p><strong>Vous voulez optimiser votre parc informatique, prot\u00e9ger vos donn\u00e9es, mettre en place un syst\u00e8me de sauvegarde automatis\u00e9.<\/strong><\/p>\n\n\n\n<p><strong>Vous avez un nouveau projet informatique, mais vous n&rsquo;avez pas toutes les connaissances techniques pour le mener \u00e0 bien.<\/strong><\/p>\n\n\n\n<p><strong><br>N&rsquo;h\u00e9sitez pas, Contactez nous, \u00a0nous saurons vous aider, vous guider dans vos prisent de d\u00e9cisions.<\/strong><\/p>\n<\/div><\/div>\n\n\n<style>.kadence-column183_30c420-07 > .kt-inside-inner-col{display:flex;}.kadence-column183_30c420-07 > .kt-inside-inner-col,.kadence-column183_30c420-07 > .kt-inside-inner-col:before{border-top-left-radius:0px;border-top-right-radius:0px;border-bottom-right-radius:0px;border-bottom-left-radius:0px;}.kadence-column183_30c420-07 > .kt-inside-inner-col{column-gap:var(--global-kb-gap-sm, 1rem);}.kadence-column183_30c420-07 > .kt-inside-inner-col{flex-direction:column;justify-content:center;}.kadence-column183_30c420-07 > .kt-inside-inner-col > .aligncenter{width:100%;}.kt-row-column-wrap > .kadence-column183_30c420-07{align-self:center;}.kt-inner-column-height-full:not(.kt-has-1-columns) > .wp-block-kadence-column.kadence-column183_30c420-07{align-self:auto;}.kt-inner-column-height-full:not(.kt-has-1-columns) > .wp-block-kadence-column.kadence-column183_30c420-07 > .kt-inside-inner-col{flex-direction:column;justify-content:center;}.kadence-column183_30c420-07 > .kt-inside-inner-col:before{opacity:0.3;}.kadence-column183_30c420-07{position:relative;}@media all and (max-width: 1024px){.kt-row-column-wrap > .kadence-column183_30c420-07{align-self:center;}}@media all and (max-width: 1024px){.kt-inner-column-height-full:not(.kt-has-1-columns) > .wp-block-kadence-column.kadence-column183_30c420-07{align-self:auto;}}@media all and (max-width: 1024px){.kt-inner-column-height-full:not(.kt-has-1-columns) > .wp-block-kadence-column.kadence-column183_30c420-07 > .kt-inside-inner-col{flex-direction:column;justify-content:center;}}@media all and (max-width: 1024px){.kadence-column183_30c420-07 > .kt-inside-inner-col{flex-direction:column;justify-content:center;}}@media all and (max-width: 767px){.kt-row-column-wrap > .kadence-column183_30c420-07{align-self:center;}.kt-inner-column-height-full:not(.kt-has-1-columns) > .wp-block-kadence-column.kadence-column183_30c420-07{align-self:auto;}.kt-inner-column-height-full:not(.kt-has-1-columns) > .wp-block-kadence-column.kadence-column183_30c420-07 > .kt-inside-inner-col{flex-direction:column;justify-content:center;}.kadence-column183_30c420-07 > .kt-inside-inner-col{flex-direction:column;justify-content:center;}}<\/style>\n<div class=\"wp-block-kadence-column kadence-column183_30c420-07\"><div class=\"kt-inside-inner-col\"><style>.kb-image183_e1d49e-49.kb-image-is-ratio-size, .kb-image183_e1d49e-49 .kb-image-is-ratio-size{max-width:374px;width:100%;}.wp-block-kadence-column > .kt-inside-inner-col > .kb-image183_e1d49e-49.kb-image-is-ratio-size, .wp-block-kadence-column > .kt-inside-inner-col > .kb-image183_e1d49e-49 .kb-image-is-ratio-size{align-self:unset;}.kb-image183_e1d49e-49 figure{max-width:374px;}.kb-image183_e1d49e-49 .image-is-svg, .kb-image183_e1d49e-49 .image-is-svg img{width:100%;}.kb-image183_e1d49e-49 .kb-image-has-overlay:after{opacity:0.37;}.kb-image183_e1d49e-49 img.kb-img, .kb-image183_e1d49e-49 .kb-img img{-webkit-mask-image:url(https:\/\/www.infotech90.fr\/wp-content\/plugins\/kadence-blocks\/includes\/assets\/images\/masks\/circle.svg);mask-image:url(https:\/\/www.infotech90.fr\/wp-content\/plugins\/kadence-blocks\/includes\/assets\/images\/masks\/circle.svg);-webkit-mask-size:auto;mask-size:auto;-webkit-mask-repeat:no-repeat;mask-repeat:no-repeat;-webkit-mask-position:center;mask-position:center;box-shadow:9px 5px 17px 6px rgba(0, 0, 0, 0.2);filter:drop-shadow(0px 0px 14px rgba(0, 0, 0, 0.2));}<\/style>\n<div class=\"wp-block-kadence-image kb-image183_e1d49e-49\"><figure class=\"aligncenter size-full\"><img fetchpriority=\"high\" decoding=\"async\" width=\"432\" height=\"432\" src=\"http:\/\/www.infotech90.fr\/wp-content\/uploads\/2024\/10\/image-768x510-1-edited-1.jpg\" alt=\"\" class=\"kb-img wp-image-214\" srcset=\"https:\/\/www.infotech90.fr\/wp-content\/uploads\/2024\/10\/image-768x510-1-edited-1.jpg 432w, https:\/\/www.infotech90.fr\/wp-content\/uploads\/2024\/10\/image-768x510-1-edited-1-300x300.jpg 300w, https:\/\/www.infotech90.fr\/wp-content\/uploads\/2024\/10\/image-768x510-1-edited-1-150x150.jpg 150w\" sizes=\"(max-width: 432px) 100vw, 432px\" \/><\/figure><\/div>\n<\/div><\/div>\n\n<\/div><\/div>\n\n\n<p><\/p>\n","protected":false},"excerpt":{"rendered":"<p>Vous \u00eates perdus dans la \u00ab\u00a0jungle\u00a0\u00bb des offres tant mat\u00e9riels que logiciel, vous avez besoin d&rsquo;un logiciel pour am\u00e9liorer la productivit\u00e9 de votre entreprise. Vous chercher un moyen d&rsquo;impression mais vous \u00eates perdus entre le rendement et les co\u00fbts d&rsquo;impressions. Votre r\u00e9seau semble saturer, votre ordinateur est lent, vous ne vous sentez pas efficace \u00e0&#8230;<\/p>\n","protected":false},"author":1,"featured_media":0,"parent":2,"menu_order":0,"comment_status":"closed","ping_status":"closed","template":"","meta":{"_kad_post_transparent":"","_kad_post_title":"","_kad_post_layout":"","_kad_post_sidebar_id":"","_kad_post_content_style":"","_kad_post_vertical_padding":"","_kad_post_feature":"","_kad_post_feature_position":"","_kad_post_header":false,"_kad_post_footer":false,"_kad_post_classname":"","footnotes":""},"class_list":["post-183","page","type-page","status-publish","hentry"],"yoast_head":"<!-- This site is optimized with the Yoast SEO plugin v27.4 - https:\/\/yoast.com\/product\/yoast-seo-wordpress\/ -->\r\n<title>Audits &amp; Conseils - infotech90.fr<\/title>\r\n<meta name=\"robots\" content=\"index, follow, max-snippet:-1, max-image-preview:large, max-video-preview:-1\" \/>\r\n<link rel=\"canonical\" href=\"https:\/\/www.infotech90.fr\/index.php\/services\/audits\/\" \/>\r\n<meta property=\"og:locale\" content=\"fr_FR\" \/>\r\n<meta property=\"og:type\" content=\"article\" \/>\r\n<meta property=\"og:title\" content=\"Audits &amp; Conseils - infotech90.fr\" \/>\r\n<meta property=\"og:description\" content=\"Vous \u00eates perdus dans la \u00ab\u00a0jungle\u00a0\u00bb des offres tant mat\u00e9riels que logiciel, vous avez besoin d&rsquo;un logiciel pour am\u00e9liorer la productivit\u00e9 de votre entreprise. Vous chercher un moyen d&rsquo;impression mais vous \u00eates perdus entre le rendement et les co\u00fbts d&rsquo;impressions. Votre r\u00e9seau semble saturer, votre ordinateur est lent, vous ne vous sentez pas efficace \u00e0...\" \/>\r\n<meta property=\"og:url\" content=\"https:\/\/www.infotech90.fr\/index.php\/services\/audits\/\" \/>\r\n<meta property=\"og:site_name\" content=\"infotech90.fr\" \/>\r\n<meta property=\"article:modified_time\" content=\"2024-10-11T16:31:17+00:00\" \/>\r\n<meta property=\"og:image\" content=\"http:\/\/www.infotech90.fr\/wp-content\/uploads\/2024\/10\/image-768x510-1-edited-1.jpg\" \/>\r\n<meta name=\"twitter:card\" content=\"summary_large_image\" \/>\r\n<meta name=\"twitter:label1\" content=\"Dur\u00e9e de lecture estim\u00e9e\" \/>\n\t<meta name=\"twitter:data1\" content=\"1 minute\" \/>\r\n<script type=\"application\/ld+json\" class=\"yoast-schema-graph\">{\"@context\":\"https:\\\/\\\/schema.org\",\"@graph\":[{\"@type\":\"WebPage\",\"@id\":\"https:\\\/\\\/www.infotech90.fr\\\/index.php\\\/services\\\/audits\\\/\",\"url\":\"https:\\\/\\\/www.infotech90.fr\\\/index.php\\\/services\\\/audits\\\/\",\"name\":\"Audits &amp; Conseils - infotech90.fr\",\"isPartOf\":{\"@id\":\"https:\\\/\\\/www.infotech90.fr\\\/#website\"},\"primaryImageOfPage\":{\"@id\":\"https:\\\/\\\/www.infotech90.fr\\\/index.php\\\/services\\\/audits\\\/#primaryimage\"},\"image\":{\"@id\":\"https:\\\/\\\/www.infotech90.fr\\\/index.php\\\/services\\\/audits\\\/#primaryimage\"},\"thumbnailUrl\":\"http:\\\/\\\/www.infotech90.fr\\\/wp-content\\\/uploads\\\/2024\\\/10\\\/image-768x510-1-edited-1.jpg\",\"datePublished\":\"2024-10-10T14:53:54+00:00\",\"dateModified\":\"2024-10-11T16:31:17+00:00\",\"breadcrumb\":{\"@id\":\"https:\\\/\\\/www.infotech90.fr\\\/index.php\\\/services\\\/audits\\\/#breadcrumb\"},\"inLanguage\":\"fr-FR\",\"potentialAction\":[{\"@type\":\"ReadAction\",\"target\":[\"https:\\\/\\\/www.infotech90.fr\\\/index.php\\\/services\\\/audits\\\/\"]}]},{\"@type\":\"ImageObject\",\"inLanguage\":\"fr-FR\",\"@id\":\"https:\\\/\\\/www.infotech90.fr\\\/index.php\\\/services\\\/audits\\\/#primaryimage\",\"url\":\"https:\\\/\\\/www.infotech90.fr\\\/wp-content\\\/uploads\\\/2024\\\/10\\\/image-768x510-1-edited-1.jpg\",\"contentUrl\":\"https:\\\/\\\/www.infotech90.fr\\\/wp-content\\\/uploads\\\/2024\\\/10\\\/image-768x510-1-edited-1.jpg\",\"width\":432,\"height\":432},{\"@type\":\"BreadcrumbList\",\"@id\":\"https:\\\/\\\/www.infotech90.fr\\\/index.php\\\/services\\\/audits\\\/#breadcrumb\",\"itemListElement\":[{\"@type\":\"ListItem\",\"position\":1,\"name\":\"Accueil\",\"item\":\"https:\\\/\\\/www.infotech90.fr\\\/\"},{\"@type\":\"ListItem\",\"position\":2,\"name\":\"Nos services\",\"item\":\"https:\\\/\\\/www.infotech90.fr\\\/index.php\\\/services\\\/\"},{\"@type\":\"ListItem\",\"position\":3,\"name\":\"Audits &amp; Conseils\"}]},{\"@type\":\"WebSite\",\"@id\":\"https:\\\/\\\/www.infotech90.fr\\\/#website\",\"url\":\"https:\\\/\\\/www.infotech90.fr\\\/\",\"name\":\"Infotech90.fr\",\"description\":\"\",\"publisher\":{\"@id\":\"https:\\\/\\\/www.infotech90.fr\\\/#organization\"},\"potentialAction\":[{\"@type\":\"SearchAction\",\"target\":{\"@type\":\"EntryPoint\",\"urlTemplate\":\"https:\\\/\\\/www.infotech90.fr\\\/?s={search_term_string}\"},\"query-input\":{\"@type\":\"PropertyValueSpecification\",\"valueRequired\":true,\"valueName\":\"search_term_string\"}}],\"inLanguage\":\"fr-FR\"},{\"@type\":\"Organization\",\"@id\":\"https:\\\/\\\/www.infotech90.fr\\\/#organization\",\"name\":\"Infotech90.fr\",\"url\":\"https:\\\/\\\/www.infotech90.fr\\\/\",\"logo\":{\"@type\":\"ImageObject\",\"inLanguage\":\"fr-FR\",\"@id\":\"https:\\\/\\\/www.infotech90.fr\\\/#\\\/schema\\\/logo\\\/image\\\/\",\"url\":\"https:\\\/\\\/www.infotech90.fr\\\/wp-content\\\/uploads\\\/2024\\\/10\\\/cropped-logo-Infotech90.png\",\"contentUrl\":\"https:\\\/\\\/www.infotech90.fr\\\/wp-content\\\/uploads\\\/2024\\\/10\\\/cropped-logo-Infotech90.png\",\"width\":1644,\"height\":542,\"caption\":\"Infotech90.fr\"},\"image\":{\"@id\":\"https:\\\/\\\/www.infotech90.fr\\\/#\\\/schema\\\/logo\\\/image\\\/\"}}]}<\/script>\r\n<!-- \/ Yoast SEO plugin. -->","yoast_head_json":{"title":"Audits &amp; Conseils - infotech90.fr","robots":{"index":"index","follow":"follow","max-snippet":"max-snippet:-1","max-image-preview":"max-image-preview:large","max-video-preview":"max-video-preview:-1"},"canonical":"https:\/\/www.infotech90.fr\/index.php\/services\/audits\/","og_locale":"fr_FR","og_type":"article","og_title":"Audits &amp; Conseils - infotech90.fr","og_description":"Vous \u00eates perdus dans la \u00ab\u00a0jungle\u00a0\u00bb des offres tant mat\u00e9riels que logiciel, vous avez besoin d&rsquo;un logiciel pour am\u00e9liorer la productivit\u00e9 de votre entreprise. Vous chercher un moyen d&rsquo;impression mais vous \u00eates perdus entre le rendement et les co\u00fbts d&rsquo;impressions. Votre r\u00e9seau semble saturer, votre ordinateur est lent, vous ne vous sentez pas efficace \u00e0...","og_url":"https:\/\/www.infotech90.fr\/index.php\/services\/audits\/","og_site_name":"infotech90.fr","article_modified_time":"2024-10-11T16:31:17+00:00","og_image":[{"url":"http:\/\/www.infotech90.fr\/wp-content\/uploads\/2024\/10\/image-768x510-1-edited-1.jpg","type":"","width":"","height":""}],"twitter_card":"summary_large_image","twitter_misc":{"Dur\u00e9e de lecture estim\u00e9e":"1 minute"},"schema":{"@context":"https:\/\/schema.org","@graph":[{"@type":"WebPage","@id":"https:\/\/www.infotech90.fr\/index.php\/services\/audits\/","url":"https:\/\/www.infotech90.fr\/index.php\/services\/audits\/","name":"Audits &amp; Conseils - infotech90.fr","isPartOf":{"@id":"https:\/\/www.infotech90.fr\/#website"},"primaryImageOfPage":{"@id":"https:\/\/www.infotech90.fr\/index.php\/services\/audits\/#primaryimage"},"image":{"@id":"https:\/\/www.infotech90.fr\/index.php\/services\/audits\/#primaryimage"},"thumbnailUrl":"http:\/\/www.infotech90.fr\/wp-content\/uploads\/2024\/10\/image-768x510-1-edited-1.jpg","datePublished":"2024-10-10T14:53:54+00:00","dateModified":"2024-10-11T16:31:17+00:00","breadcrumb":{"@id":"https:\/\/www.infotech90.fr\/index.php\/services\/audits\/#breadcrumb"},"inLanguage":"fr-FR","potentialAction":[{"@type":"ReadAction","target":["https:\/\/www.infotech90.fr\/index.php\/services\/audits\/"]}]},{"@type":"ImageObject","inLanguage":"fr-FR","@id":"https:\/\/www.infotech90.fr\/index.php\/services\/audits\/#primaryimage","url":"https:\/\/www.infotech90.fr\/wp-content\/uploads\/2024\/10\/image-768x510-1-edited-1.jpg","contentUrl":"https:\/\/www.infotech90.fr\/wp-content\/uploads\/2024\/10\/image-768x510-1-edited-1.jpg","width":432,"height":432},{"@type":"BreadcrumbList","@id":"https:\/\/www.infotech90.fr\/index.php\/services\/audits\/#breadcrumb","itemListElement":[{"@type":"ListItem","position":1,"name":"Accueil","item":"https:\/\/www.infotech90.fr\/"},{"@type":"ListItem","position":2,"name":"Nos services","item":"https:\/\/www.infotech90.fr\/index.php\/services\/"},{"@type":"ListItem","position":3,"name":"Audits &amp; Conseils"}]},{"@type":"WebSite","@id":"https:\/\/www.infotech90.fr\/#website","url":"https:\/\/www.infotech90.fr\/","name":"Infotech90.fr","description":"","publisher":{"@id":"https:\/\/www.infotech90.fr\/#organization"},"potentialAction":[{"@type":"SearchAction","target":{"@type":"EntryPoint","urlTemplate":"https:\/\/www.infotech90.fr\/?s={search_term_string}"},"query-input":{"@type":"PropertyValueSpecification","valueRequired":true,"valueName":"search_term_string"}}],"inLanguage":"fr-FR"},{"@type":"Organization","@id":"https:\/\/www.infotech90.fr\/#organization","name":"Infotech90.fr","url":"https:\/\/www.infotech90.fr\/","logo":{"@type":"ImageObject","inLanguage":"fr-FR","@id":"https:\/\/www.infotech90.fr\/#\/schema\/logo\/image\/","url":"https:\/\/www.infotech90.fr\/wp-content\/uploads\/2024\/10\/cropped-logo-Infotech90.png","contentUrl":"https:\/\/www.infotech90.fr\/wp-content\/uploads\/2024\/10\/cropped-logo-Infotech90.png","width":1644,"height":542,"caption":"Infotech90.fr"},"image":{"@id":"https:\/\/www.infotech90.fr\/#\/schema\/logo\/image\/"}}]}},"_links":{"self":[{"href":"https:\/\/www.infotech90.fr\/index.php\/wp-json\/wp\/v2\/pages\/183","targetHints":{"allow":["GET"]}}],"collection":[{"href":"https:\/\/www.infotech90.fr\/index.php\/wp-json\/wp\/v2\/pages"}],"about":[{"href":"https:\/\/www.infotech90.fr\/index.php\/wp-json\/wp\/v2\/types\/page"}],"author":[{"embeddable":true,"href":"https:\/\/www.infotech90.fr\/index.php\/wp-json\/wp\/v2\/users\/1"}],"replies":[{"embeddable":true,"href":"https:\/\/www.infotech90.fr\/index.php\/wp-json\/wp\/v2\/comments?post=183"}],"version-history":[{"count":7,"href":"https:\/\/www.infotech90.fr\/index.php\/wp-json\/wp\/v2\/pages\/183\/revisions"}],"predecessor-version":[{"id":273,"href":"https:\/\/www.infotech90.fr\/index.php\/wp-json\/wp\/v2\/pages\/183\/revisions\/273"}],"up":[{"embeddable":true,"href":"https:\/\/www.infotech90.fr\/index.php\/wp-json\/wp\/v2\/pages\/2"}],"wp:attachment":[{"href":"https:\/\/www.infotech90.fr\/index.php\/wp-json\/wp\/v2\/media?parent=183"}],"curies":[{"name":"wp","href":"https:\/\/api.w.org\/{rel}","templated":true}]}}