{"id":185,"date":"2024-10-10T16:54:34","date_gmt":"2024-10-10T14:54:34","guid":{"rendered":"https:\/\/www.infotech90.fr\/?page_id=185"},"modified":"2024-10-11T16:43:37","modified_gmt":"2024-10-11T14:43:37","slug":"formations","status":"publish","type":"page","link":"https:\/\/www.infotech90.fr\/index.php\/services\/formations\/","title":{"rendered":"Formations"},"content":{"rendered":"<style>.kb-row-layout-id185_eee23c-cb > .kt-row-column-wrap{align-content:start;}:where(.kb-row-layout-id185_eee23c-cb > .kt-row-column-wrap) > .wp-block-kadence-column{justify-content:start;}.kb-row-layout-id185_eee23c-cb > .kt-row-column-wrap{column-gap:var(--global-kb-gap-md, 2rem);row-gap:var(--global-kb-gap-md, 2rem);padding-top:var(--global-kb-spacing-sm, 1.5rem);padding-bottom:var(--global-kb-spacing-sm, 1.5rem);grid-template-columns:minmax(0, 2fr) minmax(0, 1fr);}.kb-row-layout-id185_eee23c-cb > .kt-row-layout-overlay{opacity:0.30;}@media all and (max-width: 1024px){.kb-row-layout-id185_eee23c-cb > .kt-row-column-wrap{grid-template-columns:minmax(0, 2fr) minmax(0, 1fr);}}@media all and (max-width: 767px){.kb-row-layout-id185_eee23c-cb > .kt-row-column-wrap{grid-template-columns:minmax(0, 1fr);}}<\/style><div class=\"kb-row-layout-wrap kb-row-layout-id185_eee23c-cb alignnone wp-block-kadence-rowlayout\"><div class=\"kt-row-column-wrap kt-has-2-columns kt-row-layout-left-golden kt-tab-layout-inherit kt-mobile-layout-row kt-row-valign-top\">\n<style>.kadence-column185_9abd1d-25 > .kt-inside-inner-col,.kadence-column185_9abd1d-25 > .kt-inside-inner-col:before{border-top-left-radius:0px;border-top-right-radius:0px;border-bottom-right-radius:0px;border-bottom-left-radius:0px;}.kadence-column185_9abd1d-25 > .kt-inside-inner-col{column-gap:var(--global-kb-gap-sm, 1rem);}.kadence-column185_9abd1d-25 > .kt-inside-inner-col{flex-direction:column;}.kadence-column185_9abd1d-25 > .kt-inside-inner-col > .aligncenter{width:100%;}.kadence-column185_9abd1d-25 > .kt-inside-inner-col:before{opacity:0.3;}.kadence-column185_9abd1d-25{position:relative;}@media all and (max-width: 1024px){.kadence-column185_9abd1d-25 > .kt-inside-inner-col{flex-direction:column;justify-content:center;}}@media all and (max-width: 767px){.kadence-column185_9abd1d-25 > .kt-inside-inner-col{flex-direction:column;justify-content:center;}}<\/style>\n<div class=\"wp-block-kadence-column kadence-column185_9abd1d-25\"><div class=\"kt-inside-inner-col\"><style>.wp-block-kadence-advancedheading.kt-adv-heading185_f333c1-c8, .wp-block-kadence-advancedheading.kt-adv-heading185_f333c1-c8[data-kb-block=\"kb-adv-heading185_f333c1-c8\"]{font-style:normal;}.wp-block-kadence-advancedheading.kt-adv-heading185_f333c1-c8 mark.kt-highlight, .wp-block-kadence-advancedheading.kt-adv-heading185_f333c1-c8[data-kb-block=\"kb-adv-heading185_f333c1-c8\"] mark.kt-highlight{font-style:normal;color:#f76a0c;-webkit-box-decoration-break:clone;box-decoration-break:clone;padding-top:0px;padding-right:0px;padding-bottom:0px;padding-left:0px;}<\/style>\n<h6 class=\"kt-adv-heading185_f333c1-c8 wp-block-kadence-advancedheading\" data-kb-block=\"kb-adv-heading185_f333c1-c8\"><strong>Que vous soyez D\u00e9butant ou utilisateur confirm\u00e9, nous avons ce dont vous avez besoin. Inutile de payer pour des choses dont vous n&rsquo; avez pas l&rsquo; utilit\u00e9, c&rsquo;est pourquoi nous concevons nos formations sur mesure. Nous nous adaptons \u00e0 vos demandes.\u00a0<br>Vous voulez apprendre l&rsquo;informatique, mais vous avez peur de sauter le pas, vous avez besoin d&rsquo;automatiser des feuilles de calculs, de cr\u00e9er des feuilles de comptes, un logiciel de facturation, \u00a0d&rsquo;\u00e9crire et d&rsquo;imprimer des courriers, de mettre en pages des rapports, de r\u00e9aliser des pr\u00e9sentations, de concevoir des bases de donn\u00e9es, mais aussi d&rsquo;apprendre la photo num\u00e9rique, la retouche photo&#8230;<br>Faites nous savoir vos besoins, nous vous proposerons des modules de formations personnalis\u00e9s, adapt\u00e9s \u00e0 vos usages. en groupe ou individuellement vous \u00a0apprendrez et vous vous sentirez \u00e0 l&rsquo;aise avec les diff\u00e9rents outils.\u00a0<br>Nous ne vous laissons pas seul, si vous avez des questions ou des difficult\u00e9s apr\u00e8s la formation, nous nous ferons un plaisir de vous venir en aide gratuitement sur un point non acquis ou oubli\u00e9.<\/strong><\/h6>\n<\/div><\/div>\n\n\n<style>.kadence-column185_0a357b-e5 > .kt-inside-inner-col{display:flex;}.kadence-column185_0a357b-e5 > .kt-inside-inner-col,.kadence-column185_0a357b-e5 > .kt-inside-inner-col:before{border-top-left-radius:0px;border-top-right-radius:0px;border-bottom-right-radius:0px;border-bottom-left-radius:0px;}.kadence-column185_0a357b-e5 > .kt-inside-inner-col{column-gap:var(--global-kb-gap-sm, 1rem);}.kadence-column185_0a357b-e5 > .kt-inside-inner-col{flex-direction:column;justify-content:center;}.kadence-column185_0a357b-e5 > .kt-inside-inner-col > .aligncenter{width:100%;}.kt-row-column-wrap > .kadence-column185_0a357b-e5{align-self:center;}.kt-inner-column-height-full:not(.kt-has-1-columns) > .wp-block-kadence-column.kadence-column185_0a357b-e5{align-self:auto;}.kt-inner-column-height-full:not(.kt-has-1-columns) > .wp-block-kadence-column.kadence-column185_0a357b-e5 > .kt-inside-inner-col{flex-direction:column;justify-content:center;}.kadence-column185_0a357b-e5 > .kt-inside-inner-col:before{opacity:0.3;}.kadence-column185_0a357b-e5{position:relative;}@media all and (max-width: 1024px){.kt-row-column-wrap > .kadence-column185_0a357b-e5{align-self:center;}}@media all and (max-width: 1024px){.kt-inner-column-height-full:not(.kt-has-1-columns) > .wp-block-kadence-column.kadence-column185_0a357b-e5{align-self:auto;}}@media all and (max-width: 1024px){.kt-inner-column-height-full:not(.kt-has-1-columns) > .wp-block-kadence-column.kadence-column185_0a357b-e5 > .kt-inside-inner-col{flex-direction:column;justify-content:center;}}@media all and (max-width: 1024px){.kadence-column185_0a357b-e5 > .kt-inside-inner-col{flex-direction:column;justify-content:center;}}@media all and (max-width: 767px){.kt-row-column-wrap > .kadence-column185_0a357b-e5{align-self:center;}.kt-inner-column-height-full:not(.kt-has-1-columns) > .wp-block-kadence-column.kadence-column185_0a357b-e5{align-self:auto;}.kt-inner-column-height-full:not(.kt-has-1-columns) > .wp-block-kadence-column.kadence-column185_0a357b-e5 > .kt-inside-inner-col{flex-direction:column;justify-content:center;}.kadence-column185_0a357b-e5 > .kt-inside-inner-col{flex-direction:column;justify-content:center;}}<\/style>\n<div class=\"wp-block-kadence-column kadence-column185_0a357b-e5\"><div class=\"kt-inside-inner-col\"><style>.kb-image185_dfd6ab-da .kb-image-has-overlay:after{opacity:0.3;}.kb-image185_dfd6ab-da img.kb-img, .kb-image185_dfd6ab-da .kb-img img{-webkit-mask-image:url(https:\/\/www.infotech90.fr\/wp-content\/plugins\/kadence-blocks\/includes\/assets\/images\/masks\/circle.svg);mask-image:url(https:\/\/www.infotech90.fr\/wp-content\/plugins\/kadence-blocks\/includes\/assets\/images\/masks\/circle.svg);-webkit-mask-size:auto;mask-size:auto;-webkit-mask-repeat:no-repeat;mask-repeat:no-repeat;-webkit-mask-position:center;mask-position:center;}<\/style>\n<figure class=\"wp-block-kadence-image kb-image185_dfd6ab-da size-full\"><img fetchpriority=\"high\" decoding=\"async\" width=\"432\" height=\"432\" src=\"http:\/\/www.infotech90.fr\/wp-content\/uploads\/2024\/10\/image-768x768-1-edited-1.jpg\" alt=\"\" class=\"kb-img wp-image-217\" srcset=\"https:\/\/www.infotech90.fr\/wp-content\/uploads\/2024\/10\/image-768x768-1-edited-1.jpg 432w, https:\/\/www.infotech90.fr\/wp-content\/uploads\/2024\/10\/image-768x768-1-edited-1-300x300.jpg 300w, https:\/\/www.infotech90.fr\/wp-content\/uploads\/2024\/10\/image-768x768-1-edited-1-150x150.jpg 150w\" sizes=\"(max-width: 432px) 100vw, 432px\" \/><\/figure>\n<\/div><\/div>\n\n<\/div><\/div>\n\n\n<p><\/p>\n","protected":false},"excerpt":{"rendered":"<p>Que vous soyez D\u00e9butant ou utilisateur confirm\u00e9, nous avons ce dont vous avez besoin. Inutile de payer pour des choses dont vous n&rsquo; avez pas l&rsquo; utilit\u00e9, c&rsquo;est pourquoi nous concevons nos formations sur mesure. Nous nous adaptons \u00e0 vos demandes.\u00a0Vous voulez apprendre l&rsquo;informatique, mais vous avez peur de sauter le pas, vous avez besoin&#8230;<\/p>\n","protected":false},"author":1,"featured_media":0,"parent":2,"menu_order":0,"comment_status":"closed","ping_status":"closed","template":"","meta":{"_kad_post_transparent":"","_kad_post_title":"","_kad_post_layout":"","_kad_post_sidebar_id":"","_kad_post_content_style":"","_kad_post_vertical_padding":"","_kad_post_feature":"","_kad_post_feature_position":"","_kad_post_header":false,"_kad_post_footer":false,"_kad_post_classname":"","footnotes":""},"class_list":["post-185","page","type-page","status-publish","hentry"],"yoast_head":"<!-- This site is optimized with the Yoast SEO plugin v27.4 - https:\/\/yoast.com\/product\/yoast-seo-wordpress\/ -->\r\n<title>Formations - infotech90.fr<\/title>\r\n<meta name=\"robots\" content=\"index, follow, max-snippet:-1, max-image-preview:large, max-video-preview:-1\" \/>\r\n<link rel=\"canonical\" href=\"https:\/\/www.infotech90.fr\/index.php\/services\/formations\/\" \/>\r\n<meta property=\"og:locale\" content=\"fr_FR\" \/>\r\n<meta property=\"og:type\" content=\"article\" \/>\r\n<meta property=\"og:title\" content=\"Formations - infotech90.fr\" \/>\r\n<meta property=\"og:description\" content=\"Que vous soyez D\u00e9butant ou utilisateur confirm\u00e9, nous avons ce dont vous avez besoin. Inutile de payer pour des choses dont vous n&rsquo; avez pas l&rsquo; utilit\u00e9, c&rsquo;est pourquoi nous concevons nos formations sur mesure. Nous nous adaptons \u00e0 vos demandes.\u00a0Vous voulez apprendre l&rsquo;informatique, mais vous avez peur de sauter le pas, vous avez besoin...\" \/>\r\n<meta property=\"og:url\" content=\"https:\/\/www.infotech90.fr\/index.php\/services\/formations\/\" \/>\r\n<meta property=\"og:site_name\" content=\"infotech90.fr\" \/>\r\n<meta property=\"article:modified_time\" content=\"2024-10-11T14:43:37+00:00\" \/>\r\n<meta property=\"og:image\" content=\"http:\/\/www.infotech90.fr\/wp-content\/uploads\/2024\/10\/image-768x768-1-edited-1.jpg\" \/>\r\n<meta name=\"twitter:card\" content=\"summary_large_image\" \/>\r\n<meta name=\"twitter:label1\" content=\"Dur\u00e9e de lecture estim\u00e9e\" \/>\n\t<meta name=\"twitter:data1\" content=\"2 minutes\" \/>\r\n<script type=\"application\/ld+json\" class=\"yoast-schema-graph\">{\"@context\":\"https:\\\/\\\/schema.org\",\"@graph\":[{\"@type\":\"WebPage\",\"@id\":\"https:\\\/\\\/www.infotech90.fr\\\/index.php\\\/services\\\/formations\\\/\",\"url\":\"https:\\\/\\\/www.infotech90.fr\\\/index.php\\\/services\\\/formations\\\/\",\"name\":\"Formations - infotech90.fr\",\"isPartOf\":{\"@id\":\"https:\\\/\\\/www.infotech90.fr\\\/#website\"},\"primaryImageOfPage\":{\"@id\":\"https:\\\/\\\/www.infotech90.fr\\\/index.php\\\/services\\\/formations\\\/#primaryimage\"},\"image\":{\"@id\":\"https:\\\/\\\/www.infotech90.fr\\\/index.php\\\/services\\\/formations\\\/#primaryimage\"},\"thumbnailUrl\":\"http:\\\/\\\/www.infotech90.fr\\\/wp-content\\\/uploads\\\/2024\\\/10\\\/image-768x768-1-edited-1.jpg\",\"datePublished\":\"2024-10-10T14:54:34+00:00\",\"dateModified\":\"2024-10-11T14:43:37+00:00\",\"breadcrumb\":{\"@id\":\"https:\\\/\\\/www.infotech90.fr\\\/index.php\\\/services\\\/formations\\\/#breadcrumb\"},\"inLanguage\":\"fr-FR\",\"potentialAction\":[{\"@type\":\"ReadAction\",\"target\":[\"https:\\\/\\\/www.infotech90.fr\\\/index.php\\\/services\\\/formations\\\/\"]}]},{\"@type\":\"ImageObject\",\"inLanguage\":\"fr-FR\",\"@id\":\"https:\\\/\\\/www.infotech90.fr\\\/index.php\\\/services\\\/formations\\\/#primaryimage\",\"url\":\"https:\\\/\\\/www.infotech90.fr\\\/wp-content\\\/uploads\\\/2024\\\/10\\\/image-768x768-1-edited-1.jpg\",\"contentUrl\":\"https:\\\/\\\/www.infotech90.fr\\\/wp-content\\\/uploads\\\/2024\\\/10\\\/image-768x768-1-edited-1.jpg\",\"width\":432,\"height\":432},{\"@type\":\"BreadcrumbList\",\"@id\":\"https:\\\/\\\/www.infotech90.fr\\\/index.php\\\/services\\\/formations\\\/#breadcrumb\",\"itemListElement\":[{\"@type\":\"ListItem\",\"position\":1,\"name\":\"Accueil\",\"item\":\"https:\\\/\\\/www.infotech90.fr\\\/\"},{\"@type\":\"ListItem\",\"position\":2,\"name\":\"Nos services\",\"item\":\"https:\\\/\\\/www.infotech90.fr\\\/index.php\\\/services\\\/\"},{\"@type\":\"ListItem\",\"position\":3,\"name\":\"Formations\"}]},{\"@type\":\"WebSite\",\"@id\":\"https:\\\/\\\/www.infotech90.fr\\\/#website\",\"url\":\"https:\\\/\\\/www.infotech90.fr\\\/\",\"name\":\"Infotech90.fr\",\"description\":\"\",\"publisher\":{\"@id\":\"https:\\\/\\\/www.infotech90.fr\\\/#organization\"},\"potentialAction\":[{\"@type\":\"SearchAction\",\"target\":{\"@type\":\"EntryPoint\",\"urlTemplate\":\"https:\\\/\\\/www.infotech90.fr\\\/?s={search_term_string}\"},\"query-input\":{\"@type\":\"PropertyValueSpecification\",\"valueRequired\":true,\"valueName\":\"search_term_string\"}}],\"inLanguage\":\"fr-FR\"},{\"@type\":\"Organization\",\"@id\":\"https:\\\/\\\/www.infotech90.fr\\\/#organization\",\"name\":\"Infotech90.fr\",\"url\":\"https:\\\/\\\/www.infotech90.fr\\\/\",\"logo\":{\"@type\":\"ImageObject\",\"inLanguage\":\"fr-FR\",\"@id\":\"https:\\\/\\\/www.infotech90.fr\\\/#\\\/schema\\\/logo\\\/image\\\/\",\"url\":\"https:\\\/\\\/www.infotech90.fr\\\/wp-content\\\/uploads\\\/2024\\\/10\\\/cropped-logo-Infotech90.png\",\"contentUrl\":\"https:\\\/\\\/www.infotech90.fr\\\/wp-content\\\/uploads\\\/2024\\\/10\\\/cropped-logo-Infotech90.png\",\"width\":1644,\"height\":542,\"caption\":\"Infotech90.fr\"},\"image\":{\"@id\":\"https:\\\/\\\/www.infotech90.fr\\\/#\\\/schema\\\/logo\\\/image\\\/\"}}]}<\/script>\r\n<!-- \/ Yoast SEO plugin. -->","yoast_head_json":{"title":"Formations - infotech90.fr","robots":{"index":"index","follow":"follow","max-snippet":"max-snippet:-1","max-image-preview":"max-image-preview:large","max-video-preview":"max-video-preview:-1"},"canonical":"https:\/\/www.infotech90.fr\/index.php\/services\/formations\/","og_locale":"fr_FR","og_type":"article","og_title":"Formations - infotech90.fr","og_description":"Que vous soyez D\u00e9butant ou utilisateur confirm\u00e9, nous avons ce dont vous avez besoin. Inutile de payer pour des choses dont vous n&rsquo; avez pas l&rsquo; utilit\u00e9, c&rsquo;est pourquoi nous concevons nos formations sur mesure. Nous nous adaptons \u00e0 vos demandes.\u00a0Vous voulez apprendre l&rsquo;informatique, mais vous avez peur de sauter le pas, vous avez besoin...","og_url":"https:\/\/www.infotech90.fr\/index.php\/services\/formations\/","og_site_name":"infotech90.fr","article_modified_time":"2024-10-11T14:43:37+00:00","og_image":[{"url":"http:\/\/www.infotech90.fr\/wp-content\/uploads\/2024\/10\/image-768x768-1-edited-1.jpg","type":"","width":"","height":""}],"twitter_card":"summary_large_image","twitter_misc":{"Dur\u00e9e de lecture estim\u00e9e":"2 minutes"},"schema":{"@context":"https:\/\/schema.org","@graph":[{"@type":"WebPage","@id":"https:\/\/www.infotech90.fr\/index.php\/services\/formations\/","url":"https:\/\/www.infotech90.fr\/index.php\/services\/formations\/","name":"Formations - infotech90.fr","isPartOf":{"@id":"https:\/\/www.infotech90.fr\/#website"},"primaryImageOfPage":{"@id":"https:\/\/www.infotech90.fr\/index.php\/services\/formations\/#primaryimage"},"image":{"@id":"https:\/\/www.infotech90.fr\/index.php\/services\/formations\/#primaryimage"},"thumbnailUrl":"http:\/\/www.infotech90.fr\/wp-content\/uploads\/2024\/10\/image-768x768-1-edited-1.jpg","datePublished":"2024-10-10T14:54:34+00:00","dateModified":"2024-10-11T14:43:37+00:00","breadcrumb":{"@id":"https:\/\/www.infotech90.fr\/index.php\/services\/formations\/#breadcrumb"},"inLanguage":"fr-FR","potentialAction":[{"@type":"ReadAction","target":["https:\/\/www.infotech90.fr\/index.php\/services\/formations\/"]}]},{"@type":"ImageObject","inLanguage":"fr-FR","@id":"https:\/\/www.infotech90.fr\/index.php\/services\/formations\/#primaryimage","url":"https:\/\/www.infotech90.fr\/wp-content\/uploads\/2024\/10\/image-768x768-1-edited-1.jpg","contentUrl":"https:\/\/www.infotech90.fr\/wp-content\/uploads\/2024\/10\/image-768x768-1-edited-1.jpg","width":432,"height":432},{"@type":"BreadcrumbList","@id":"https:\/\/www.infotech90.fr\/index.php\/services\/formations\/#breadcrumb","itemListElement":[{"@type":"ListItem","position":1,"name":"Accueil","item":"https:\/\/www.infotech90.fr\/"},{"@type":"ListItem","position":2,"name":"Nos services","item":"https:\/\/www.infotech90.fr\/index.php\/services\/"},{"@type":"ListItem","position":3,"name":"Formations"}]},{"@type":"WebSite","@id":"https:\/\/www.infotech90.fr\/#website","url":"https:\/\/www.infotech90.fr\/","name":"Infotech90.fr","description":"","publisher":{"@id":"https:\/\/www.infotech90.fr\/#organization"},"potentialAction":[{"@type":"SearchAction","target":{"@type":"EntryPoint","urlTemplate":"https:\/\/www.infotech90.fr\/?s={search_term_string}"},"query-input":{"@type":"PropertyValueSpecification","valueRequired":true,"valueName":"search_term_string"}}],"inLanguage":"fr-FR"},{"@type":"Organization","@id":"https:\/\/www.infotech90.fr\/#organization","name":"Infotech90.fr","url":"https:\/\/www.infotech90.fr\/","logo":{"@type":"ImageObject","inLanguage":"fr-FR","@id":"https:\/\/www.infotech90.fr\/#\/schema\/logo\/image\/","url":"https:\/\/www.infotech90.fr\/wp-content\/uploads\/2024\/10\/cropped-logo-Infotech90.png","contentUrl":"https:\/\/www.infotech90.fr\/wp-content\/uploads\/2024\/10\/cropped-logo-Infotech90.png","width":1644,"height":542,"caption":"Infotech90.fr"},"image":{"@id":"https:\/\/www.infotech90.fr\/#\/schema\/logo\/image\/"}}]}},"_links":{"self":[{"href":"https:\/\/www.infotech90.fr\/index.php\/wp-json\/wp\/v2\/pages\/185","targetHints":{"allow":["GET"]}}],"collection":[{"href":"https:\/\/www.infotech90.fr\/index.php\/wp-json\/wp\/v2\/pages"}],"about":[{"href":"https:\/\/www.infotech90.fr\/index.php\/wp-json\/wp\/v2\/types\/page"}],"author":[{"embeddable":true,"href":"https:\/\/www.infotech90.fr\/index.php\/wp-json\/wp\/v2\/users\/1"}],"replies":[{"embeddable":true,"href":"https:\/\/www.infotech90.fr\/index.php\/wp-json\/wp\/v2\/comments?post=185"}],"version-history":[{"count":2,"href":"https:\/\/www.infotech90.fr\/index.php\/wp-json\/wp\/v2\/pages\/185\/revisions"}],"predecessor-version":[{"id":218,"href":"https:\/\/www.infotech90.fr\/index.php\/wp-json\/wp\/v2\/pages\/185\/revisions\/218"}],"up":[{"embeddable":true,"href":"https:\/\/www.infotech90.fr\/index.php\/wp-json\/wp\/v2\/pages\/2"}],"wp:attachment":[{"href":"https:\/\/www.infotech90.fr\/index.php\/wp-json\/wp\/v2\/media?parent=185"}],"curies":[{"name":"wp","href":"https:\/\/api.w.org\/{rel}","templated":true}]}}