{"id":187,"date":"2024-10-10T16:55:28","date_gmt":"2024-10-10T14:55:28","guid":{"rendered":"https:\/\/www.infotech90.fr\/?page_id=187"},"modified":"2024-10-11T16:38:43","modified_gmt":"2024-10-11T14:38:43","slug":"sitesweb","status":"publish","type":"page","link":"https:\/\/www.infotech90.fr\/index.php\/services\/sitesweb\/","title":{"rendered":"Cr\u00e9ation de sites WEB"},"content":{"rendered":"<style>.kb-row-layout-id187_b39b5a-23 > .kt-row-column-wrap{align-content:start;}:where(.kb-row-layout-id187_b39b5a-23 > .kt-row-column-wrap) > .wp-block-kadence-column{justify-content:start;}.kb-row-layout-id187_b39b5a-23 > .kt-row-column-wrap{column-gap:var(--global-kb-gap-md, 2rem);row-gap:var(--global-kb-gap-md, 2rem);padding-top:var(--global-kb-spacing-sm, 1.5rem);padding-bottom:var(--global-kb-spacing-sm, 1.5rem);grid-template-columns:minmax(0, 2fr) minmax(0, 1fr);}.kb-row-layout-id187_b39b5a-23 > .kt-row-layout-overlay{opacity:0.30;}@media all and (max-width: 1024px){.kb-row-layout-id187_b39b5a-23 > .kt-row-column-wrap{grid-template-columns:minmax(0, 2fr) minmax(0, 1fr);}}@media all and (max-width: 767px){.kb-row-layout-id187_b39b5a-23 > .kt-row-column-wrap{grid-template-columns:minmax(0, 1fr);}}<\/style><div class=\"kb-row-layout-wrap kb-row-layout-id187_b39b5a-23 alignnone wp-block-kadence-rowlayout\"><div class=\"kt-row-column-wrap kt-has-2-columns kt-row-layout-left-golden kt-tab-layout-inherit kt-mobile-layout-row kt-row-valign-top\">\n<style>.kadence-column187_954b46-9a > .kt-inside-inner-col,.kadence-column187_954b46-9a > .kt-inside-inner-col:before{border-top-left-radius:0px;border-top-right-radius:0px;border-bottom-right-radius:0px;border-bottom-left-radius:0px;}.kadence-column187_954b46-9a > .kt-inside-inner-col{column-gap:var(--global-kb-gap-sm, 1rem);}.kadence-column187_954b46-9a > .kt-inside-inner-col{flex-direction:column;}.kadence-column187_954b46-9a > .kt-inside-inner-col > .aligncenter{width:100%;}.kadence-column187_954b46-9a > .kt-inside-inner-col:before{opacity:0.3;}.kadence-column187_954b46-9a{position:relative;}@media all and (max-width: 1024px){.kadence-column187_954b46-9a > .kt-inside-inner-col{flex-direction:column;justify-content:center;}}@media all and (max-width: 767px){.kadence-column187_954b46-9a > .kt-inside-inner-col{flex-direction:column;justify-content:center;}}<\/style>\n<div class=\"wp-block-kadence-column kadence-column187_954b46-9a\"><div class=\"kt-inside-inner-col\"><style>.wp-block-kadence-advancedheading.kt-adv-heading187_c22b36-fd, .wp-block-kadence-advancedheading.kt-adv-heading187_c22b36-fd[data-kb-block=\"kb-adv-heading187_c22b36-fd\"]{font-style:normal;}.wp-block-kadence-advancedheading.kt-adv-heading187_c22b36-fd mark.kt-highlight, .wp-block-kadence-advancedheading.kt-adv-heading187_c22b36-fd[data-kb-block=\"kb-adv-heading187_c22b36-fd\"] mark.kt-highlight{font-style:normal;color:#f76a0c;-webkit-box-decoration-break:clone;box-decoration-break:clone;padding-top:0px;padding-right:0px;padding-bottom:0px;padding-left:0px;}<\/style>\n<h6 class=\"kt-adv-heading187_c22b36-fd wp-block-kadence-advancedheading\" data-kb-block=\"kb-adv-heading187_c22b36-fd\"><strong>Votre entreprise a besoin d&rsquo;une visibilit\u00e9 sur internet, vous voulez d\u00e9velopper votre soci\u00e9t\u00e9, vous faire connaitre, agrandir votre march\u00e9. <\/strong><\/h6>\n\n\n\n<p><strong>Vous \u00eates un particulier et aimeriez faire connaitre votre passion, pouvoir discuter avec d&rsquo; autres passionn\u00e9s.<\/strong><\/p>\n\n\n\n<p><strong><br>En lien direct avec vous, nous vous proposons de vous fournir un site Internet cl\u00e9s en mains, dans le respect de votre charte graphique, vos souhaits et avec tout ce dont vous avez besoin pour vous faciliter la t\u00e2che.<br>Nous pouvons \u00e9galement nous occuper de la mise \u00e0 jour et de la maintenance de votre site. <\/strong><\/p>\n\n\n\n<p><strong>Restez serein, Infotech90 s&rsquo;occupe de tout.<\/strong><\/p>\n<\/div><\/div>\n\n\n<style>.kadence-column187_7e14d2-80 > .kt-inside-inner-col{display:flex;}.kadence-column187_7e14d2-80 > .kt-inside-inner-col,.kadence-column187_7e14d2-80 > .kt-inside-inner-col:before{border-top-left-radius:0px;border-top-right-radius:0px;border-bottom-right-radius:0px;border-bottom-left-radius:0px;}.kadence-column187_7e14d2-80 > .kt-inside-inner-col{column-gap:var(--global-kb-gap-sm, 1rem);}.kadence-column187_7e14d2-80 > .kt-inside-inner-col{flex-direction:column;justify-content:center;}.kadence-column187_7e14d2-80 > .kt-inside-inner-col > .aligncenter{width:100%;}.kt-row-column-wrap > .kadence-column187_7e14d2-80{align-self:center;}.kt-inner-column-height-full:not(.kt-has-1-columns) > .wp-block-kadence-column.kadence-column187_7e14d2-80{align-self:auto;}.kt-inner-column-height-full:not(.kt-has-1-columns) > .wp-block-kadence-column.kadence-column187_7e14d2-80 > .kt-inside-inner-col{flex-direction:column;justify-content:center;}.kadence-column187_7e14d2-80 > .kt-inside-inner-col:before{opacity:0.3;}.kadence-column187_7e14d2-80{position:relative;}@media all and (max-width: 1024px){.kt-row-column-wrap > .kadence-column187_7e14d2-80{align-self:center;}}@media all and (max-width: 1024px){.kt-inner-column-height-full:not(.kt-has-1-columns) > .wp-block-kadence-column.kadence-column187_7e14d2-80{align-self:auto;}}@media all and (max-width: 1024px){.kt-inner-column-height-full:not(.kt-has-1-columns) > .wp-block-kadence-column.kadence-column187_7e14d2-80 > .kt-inside-inner-col{flex-direction:column;justify-content:center;}}@media all and (max-width: 1024px){.kadence-column187_7e14d2-80 > .kt-inside-inner-col{flex-direction:column;justify-content:center;}}@media all and (max-width: 767px){.kt-row-column-wrap > .kadence-column187_7e14d2-80{align-self:center;}.kt-inner-column-height-full:not(.kt-has-1-columns) > .wp-block-kadence-column.kadence-column187_7e14d2-80{align-self:auto;}.kt-inner-column-height-full:not(.kt-has-1-columns) > .wp-block-kadence-column.kadence-column187_7e14d2-80 > .kt-inside-inner-col{flex-direction:column;justify-content:center;}.kadence-column187_7e14d2-80 > .kt-inside-inner-col{flex-direction:column;justify-content:center;}}<\/style>\n<div class=\"wp-block-kadence-column kadence-column187_7e14d2-80\"><div class=\"kt-inside-inner-col\"><style>.kb-image187_6945cf-4f .kb-image-has-overlay:after{opacity:0.3;}.kb-image187_6945cf-4f img.kb-img, .kb-image187_6945cf-4f .kb-img img{-webkit-mask-image:url(https:\/\/www.infotech90.fr\/wp-content\/plugins\/kadence-blocks\/includes\/assets\/images\/masks\/circle.svg);mask-image:url(https:\/\/www.infotech90.fr\/wp-content\/plugins\/kadence-blocks\/includes\/assets\/images\/masks\/circle.svg);-webkit-mask-size:auto;mask-size:auto;-webkit-mask-repeat:no-repeat;mask-repeat:no-repeat;-webkit-mask-position:center;mask-position:center;}<\/style>\n<figure class=\"wp-block-kadence-image kb-image187_6945cf-4f size-full\"><img fetchpriority=\"high\" decoding=\"async\" width=\"768\" height=\"768\" src=\"http:\/\/www.infotech90.fr\/wp-content\/uploads\/2024\/10\/image-768x768a.jpg\" alt=\"\" class=\"kb-img wp-image-22\" srcset=\"https:\/\/www.infotech90.fr\/wp-content\/uploads\/2024\/10\/image-768x768a.jpg 768w, https:\/\/www.infotech90.fr\/wp-content\/uploads\/2024\/10\/image-768x768a-300x300.jpg 300w, https:\/\/www.infotech90.fr\/wp-content\/uploads\/2024\/10\/image-768x768a-150x150.jpg 150w\" sizes=\"(max-width: 768px) 100vw, 768px\" \/><\/figure>\n<\/div><\/div>\n\n<\/div><\/div>\n\n\n<p><\/p>\n","protected":false},"excerpt":{"rendered":"<p>Votre entreprise a besoin d&rsquo;une visibilit\u00e9 sur internet, vous voulez d\u00e9velopper votre soci\u00e9t\u00e9, vous faire connaitre, agrandir votre march\u00e9. Vous \u00eates un particulier et aimeriez faire connaitre votre passion, pouvoir discuter avec d&rsquo; autres passionn\u00e9s. En lien direct avec vous, nous vous proposons de vous fournir un site Internet cl\u00e9s en mains, dans le respect&#8230;<\/p>\n","protected":false},"author":1,"featured_media":0,"parent":2,"menu_order":0,"comment_status":"closed","ping_status":"closed","template":"","meta":{"_kad_post_transparent":"","_kad_post_title":"","_kad_post_layout":"","_kad_post_sidebar_id":"","_kad_post_content_style":"","_kad_post_vertical_padding":"","_kad_post_feature":"","_kad_post_feature_position":"","_kad_post_header":false,"_kad_post_footer":false,"_kad_post_classname":"","footnotes":""},"class_list":["post-187","page","type-page","status-publish","hentry"],"yoast_head":"<!-- This site is optimized with the Yoast SEO plugin v27.4 - https:\/\/yoast.com\/product\/yoast-seo-wordpress\/ -->\r\n<title>Cr\u00e9ation de sites WEB - infotech90.fr<\/title>\r\n<meta name=\"robots\" content=\"index, follow, max-snippet:-1, max-image-preview:large, max-video-preview:-1\" \/>\r\n<link rel=\"canonical\" href=\"https:\/\/www.infotech90.fr\/index.php\/services\/sitesweb\/\" \/>\r\n<meta property=\"og:locale\" content=\"fr_FR\" \/>\r\n<meta property=\"og:type\" content=\"article\" \/>\r\n<meta property=\"og:title\" content=\"Cr\u00e9ation de sites WEB - infotech90.fr\" \/>\r\n<meta property=\"og:description\" content=\"Votre entreprise a besoin d&rsquo;une visibilit\u00e9 sur internet, vous voulez d\u00e9velopper votre soci\u00e9t\u00e9, vous faire connaitre, agrandir votre march\u00e9. Vous \u00eates un particulier et aimeriez faire connaitre votre passion, pouvoir discuter avec d&rsquo; autres passionn\u00e9s. En lien direct avec vous, nous vous proposons de vous fournir un site Internet cl\u00e9s en mains, dans le respect...\" \/>\r\n<meta property=\"og:url\" content=\"https:\/\/www.infotech90.fr\/index.php\/services\/sitesweb\/\" \/>\r\n<meta property=\"og:site_name\" content=\"infotech90.fr\" \/>\r\n<meta property=\"article:modified_time\" content=\"2024-10-11T14:38:43+00:00\" \/>\r\n<meta property=\"og:image\" content=\"http:\/\/www.infotech90.fr\/wp-content\/uploads\/2024\/10\/image-768x768a.jpg\" \/>\r\n<meta name=\"twitter:card\" content=\"summary_large_image\" \/>\r\n<meta name=\"twitter:label1\" content=\"Dur\u00e9e de lecture estim\u00e9e\" \/>\n\t<meta name=\"twitter:data1\" content=\"1 minute\" \/>\r\n<script type=\"application\/ld+json\" class=\"yoast-schema-graph\">{\"@context\":\"https:\\\/\\\/schema.org\",\"@graph\":[{\"@type\":\"WebPage\",\"@id\":\"https:\\\/\\\/www.infotech90.fr\\\/index.php\\\/services\\\/sitesweb\\\/\",\"url\":\"https:\\\/\\\/www.infotech90.fr\\\/index.php\\\/services\\\/sitesweb\\\/\",\"name\":\"Cr\u00e9ation de sites WEB - infotech90.fr\",\"isPartOf\":{\"@id\":\"https:\\\/\\\/www.infotech90.fr\\\/#website\"},\"primaryImageOfPage\":{\"@id\":\"https:\\\/\\\/www.infotech90.fr\\\/index.php\\\/services\\\/sitesweb\\\/#primaryimage\"},\"image\":{\"@id\":\"https:\\\/\\\/www.infotech90.fr\\\/index.php\\\/services\\\/sitesweb\\\/#primaryimage\"},\"thumbnailUrl\":\"http:\\\/\\\/www.infotech90.fr\\\/wp-content\\\/uploads\\\/2024\\\/10\\\/image-768x768a.jpg\",\"datePublished\":\"2024-10-10T14:55:28+00:00\",\"dateModified\":\"2024-10-11T14:38:43+00:00\",\"breadcrumb\":{\"@id\":\"https:\\\/\\\/www.infotech90.fr\\\/index.php\\\/services\\\/sitesweb\\\/#breadcrumb\"},\"inLanguage\":\"fr-FR\",\"potentialAction\":[{\"@type\":\"ReadAction\",\"target\":[\"https:\\\/\\\/www.infotech90.fr\\\/index.php\\\/services\\\/sitesweb\\\/\"]}]},{\"@type\":\"ImageObject\",\"inLanguage\":\"fr-FR\",\"@id\":\"https:\\\/\\\/www.infotech90.fr\\\/index.php\\\/services\\\/sitesweb\\\/#primaryimage\",\"url\":\"https:\\\/\\\/www.infotech90.fr\\\/wp-content\\\/uploads\\\/2024\\\/10\\\/image-768x768a.jpg\",\"contentUrl\":\"https:\\\/\\\/www.infotech90.fr\\\/wp-content\\\/uploads\\\/2024\\\/10\\\/image-768x768a.jpg\",\"width\":768,\"height\":768},{\"@type\":\"BreadcrumbList\",\"@id\":\"https:\\\/\\\/www.infotech90.fr\\\/index.php\\\/services\\\/sitesweb\\\/#breadcrumb\",\"itemListElement\":[{\"@type\":\"ListItem\",\"position\":1,\"name\":\"Accueil\",\"item\":\"https:\\\/\\\/www.infotech90.fr\\\/\"},{\"@type\":\"ListItem\",\"position\":2,\"name\":\"Nos services\",\"item\":\"https:\\\/\\\/www.infotech90.fr\\\/index.php\\\/services\\\/\"},{\"@type\":\"ListItem\",\"position\":3,\"name\":\"Cr\u00e9ation de sites WEB\"}]},{\"@type\":\"WebSite\",\"@id\":\"https:\\\/\\\/www.infotech90.fr\\\/#website\",\"url\":\"https:\\\/\\\/www.infotech90.fr\\\/\",\"name\":\"Infotech90.fr\",\"description\":\"\",\"publisher\":{\"@id\":\"https:\\\/\\\/www.infotech90.fr\\\/#organization\"},\"potentialAction\":[{\"@type\":\"SearchAction\",\"target\":{\"@type\":\"EntryPoint\",\"urlTemplate\":\"https:\\\/\\\/www.infotech90.fr\\\/?s={search_term_string}\"},\"query-input\":{\"@type\":\"PropertyValueSpecification\",\"valueRequired\":true,\"valueName\":\"search_term_string\"}}],\"inLanguage\":\"fr-FR\"},{\"@type\":\"Organization\",\"@id\":\"https:\\\/\\\/www.infotech90.fr\\\/#organization\",\"name\":\"Infotech90.fr\",\"url\":\"https:\\\/\\\/www.infotech90.fr\\\/\",\"logo\":{\"@type\":\"ImageObject\",\"inLanguage\":\"fr-FR\",\"@id\":\"https:\\\/\\\/www.infotech90.fr\\\/#\\\/schema\\\/logo\\\/image\\\/\",\"url\":\"https:\\\/\\\/www.infotech90.fr\\\/wp-content\\\/uploads\\\/2024\\\/10\\\/cropped-logo-Infotech90.png\",\"contentUrl\":\"https:\\\/\\\/www.infotech90.fr\\\/wp-content\\\/uploads\\\/2024\\\/10\\\/cropped-logo-Infotech90.png\",\"width\":1644,\"height\":542,\"caption\":\"Infotech90.fr\"},\"image\":{\"@id\":\"https:\\\/\\\/www.infotech90.fr\\\/#\\\/schema\\\/logo\\\/image\\\/\"}}]}<\/script>\r\n<!-- \/ Yoast SEO plugin. -->","yoast_head_json":{"title":"Cr\u00e9ation de sites WEB - infotech90.fr","robots":{"index":"index","follow":"follow","max-snippet":"max-snippet:-1","max-image-preview":"max-image-preview:large","max-video-preview":"max-video-preview:-1"},"canonical":"https:\/\/www.infotech90.fr\/index.php\/services\/sitesweb\/","og_locale":"fr_FR","og_type":"article","og_title":"Cr\u00e9ation de sites WEB - infotech90.fr","og_description":"Votre entreprise a besoin d&rsquo;une visibilit\u00e9 sur internet, vous voulez d\u00e9velopper votre soci\u00e9t\u00e9, vous faire connaitre, agrandir votre march\u00e9. Vous \u00eates un particulier et aimeriez faire connaitre votre passion, pouvoir discuter avec d&rsquo; autres passionn\u00e9s. En lien direct avec vous, nous vous proposons de vous fournir un site Internet cl\u00e9s en mains, dans le respect...","og_url":"https:\/\/www.infotech90.fr\/index.php\/services\/sitesweb\/","og_site_name":"infotech90.fr","article_modified_time":"2024-10-11T14:38:43+00:00","og_image":[{"url":"http:\/\/www.infotech90.fr\/wp-content\/uploads\/2024\/10\/image-768x768a.jpg","type":"","width":"","height":""}],"twitter_card":"summary_large_image","twitter_misc":{"Dur\u00e9e de lecture estim\u00e9e":"1 minute"},"schema":{"@context":"https:\/\/schema.org","@graph":[{"@type":"WebPage","@id":"https:\/\/www.infotech90.fr\/index.php\/services\/sitesweb\/","url":"https:\/\/www.infotech90.fr\/index.php\/services\/sitesweb\/","name":"Cr\u00e9ation de sites WEB - infotech90.fr","isPartOf":{"@id":"https:\/\/www.infotech90.fr\/#website"},"primaryImageOfPage":{"@id":"https:\/\/www.infotech90.fr\/index.php\/services\/sitesweb\/#primaryimage"},"image":{"@id":"https:\/\/www.infotech90.fr\/index.php\/services\/sitesweb\/#primaryimage"},"thumbnailUrl":"http:\/\/www.infotech90.fr\/wp-content\/uploads\/2024\/10\/image-768x768a.jpg","datePublished":"2024-10-10T14:55:28+00:00","dateModified":"2024-10-11T14:38:43+00:00","breadcrumb":{"@id":"https:\/\/www.infotech90.fr\/index.php\/services\/sitesweb\/#breadcrumb"},"inLanguage":"fr-FR","potentialAction":[{"@type":"ReadAction","target":["https:\/\/www.infotech90.fr\/index.php\/services\/sitesweb\/"]}]},{"@type":"ImageObject","inLanguage":"fr-FR","@id":"https:\/\/www.infotech90.fr\/index.php\/services\/sitesweb\/#primaryimage","url":"https:\/\/www.infotech90.fr\/wp-content\/uploads\/2024\/10\/image-768x768a.jpg","contentUrl":"https:\/\/www.infotech90.fr\/wp-content\/uploads\/2024\/10\/image-768x768a.jpg","width":768,"height":768},{"@type":"BreadcrumbList","@id":"https:\/\/www.infotech90.fr\/index.php\/services\/sitesweb\/#breadcrumb","itemListElement":[{"@type":"ListItem","position":1,"name":"Accueil","item":"https:\/\/www.infotech90.fr\/"},{"@type":"ListItem","position":2,"name":"Nos services","item":"https:\/\/www.infotech90.fr\/index.php\/services\/"},{"@type":"ListItem","position":3,"name":"Cr\u00e9ation de sites WEB"}]},{"@type":"WebSite","@id":"https:\/\/www.infotech90.fr\/#website","url":"https:\/\/www.infotech90.fr\/","name":"Infotech90.fr","description":"","publisher":{"@id":"https:\/\/www.infotech90.fr\/#organization"},"potentialAction":[{"@type":"SearchAction","target":{"@type":"EntryPoint","urlTemplate":"https:\/\/www.infotech90.fr\/?s={search_term_string}"},"query-input":{"@type":"PropertyValueSpecification","valueRequired":true,"valueName":"search_term_string"}}],"inLanguage":"fr-FR"},{"@type":"Organization","@id":"https:\/\/www.infotech90.fr\/#organization","name":"Infotech90.fr","url":"https:\/\/www.infotech90.fr\/","logo":{"@type":"ImageObject","inLanguage":"fr-FR","@id":"https:\/\/www.infotech90.fr\/#\/schema\/logo\/image\/","url":"https:\/\/www.infotech90.fr\/wp-content\/uploads\/2024\/10\/cropped-logo-Infotech90.png","contentUrl":"https:\/\/www.infotech90.fr\/wp-content\/uploads\/2024\/10\/cropped-logo-Infotech90.png","width":1644,"height":542,"caption":"Infotech90.fr"},"image":{"@id":"https:\/\/www.infotech90.fr\/#\/schema\/logo\/image\/"}}]}},"_links":{"self":[{"href":"https:\/\/www.infotech90.fr\/index.php\/wp-json\/wp\/v2\/pages\/187","targetHints":{"allow":["GET"]}}],"collection":[{"href":"https:\/\/www.infotech90.fr\/index.php\/wp-json\/wp\/v2\/pages"}],"about":[{"href":"https:\/\/www.infotech90.fr\/index.php\/wp-json\/wp\/v2\/types\/page"}],"author":[{"embeddable":true,"href":"https:\/\/www.infotech90.fr\/index.php\/wp-json\/wp\/v2\/users\/1"}],"replies":[{"embeddable":true,"href":"https:\/\/www.infotech90.fr\/index.php\/wp-json\/wp\/v2\/comments?post=187"}],"version-history":[{"count":2,"href":"https:\/\/www.infotech90.fr\/index.php\/wp-json\/wp\/v2\/pages\/187\/revisions"}],"predecessor-version":[{"id":220,"href":"https:\/\/www.infotech90.fr\/index.php\/wp-json\/wp\/v2\/pages\/187\/revisions\/220"}],"up":[{"embeddable":true,"href":"https:\/\/www.infotech90.fr\/index.php\/wp-json\/wp\/v2\/pages\/2"}],"wp:attachment":[{"href":"https:\/\/www.infotech90.fr\/index.php\/wp-json\/wp\/v2\/media?parent=187"}],"curies":[{"name":"wp","href":"https:\/\/api.w.org\/{rel}","templated":true}]}}