{"id":191,"date":"2024-10-10T16:56:27","date_gmt":"2024-10-10T14:56:27","guid":{"rendered":"https:\/\/www.infotech90.fr\/?page_id=191"},"modified":"2024-10-11T16:46:26","modified_gmt":"2024-10-11T14:46:26","slug":"impression-3d","status":"publish","type":"page","link":"https:\/\/www.infotech90.fr\/index.php\/services\/impression-3d\/","title":{"rendered":"Impression 3D"},"content":{"rendered":"<style>.kb-row-layout-id191_237ca7-2b > .kt-row-column-wrap{align-content:start;}:where(.kb-row-layout-id191_237ca7-2b > .kt-row-column-wrap) > .wp-block-kadence-column{justify-content:start;}.kb-row-layout-id191_237ca7-2b > .kt-row-column-wrap{column-gap:var(--global-kb-gap-md, 2rem);row-gap:var(--global-kb-gap-md, 2rem);padding-top:var(--global-kb-spacing-sm, 1.5rem);padding-bottom:var(--global-kb-spacing-sm, 1.5rem);grid-template-columns:minmax(0, 2fr) minmax(0, 1fr);}.kb-row-layout-id191_237ca7-2b > .kt-row-layout-overlay{opacity:0.30;}@media all and (max-width: 1024px){.kb-row-layout-id191_237ca7-2b > .kt-row-column-wrap{grid-template-columns:minmax(0, 2fr) minmax(0, 1fr);}}@media all and (max-width: 767px){.kb-row-layout-id191_237ca7-2b > .kt-row-column-wrap{grid-template-columns:minmax(0, 1fr);}}<\/style><div class=\"kb-row-layout-wrap kb-row-layout-id191_237ca7-2b alignnone wp-block-kadence-rowlayout\"><div class=\"kt-row-column-wrap kt-has-2-columns kt-row-layout-left-golden kt-tab-layout-inherit kt-mobile-layout-row kt-row-valign-top\">\n<style>.kadence-column191_8b9b8c-78 > .kt-inside-inner-col,.kadence-column191_8b9b8c-78 > .kt-inside-inner-col:before{border-top-left-radius:0px;border-top-right-radius:0px;border-bottom-right-radius:0px;border-bottom-left-radius:0px;}.kadence-column191_8b9b8c-78 > .kt-inside-inner-col{column-gap:var(--global-kb-gap-sm, 1rem);}.kadence-column191_8b9b8c-78 > .kt-inside-inner-col{flex-direction:column;}.kadence-column191_8b9b8c-78 > .kt-inside-inner-col > .aligncenter{width:100%;}.kadence-column191_8b9b8c-78 > .kt-inside-inner-col:before{opacity:0.3;}.kadence-column191_8b9b8c-78{position:relative;}@media all and (max-width: 1024px){.kadence-column191_8b9b8c-78 > .kt-inside-inner-col{flex-direction:column;justify-content:center;}}@media all and (max-width: 767px){.kadence-column191_8b9b8c-78 > .kt-inside-inner-col{flex-direction:column;justify-content:center;}}<\/style>\n<div class=\"wp-block-kadence-column kadence-column191_8b9b8c-78\"><div class=\"kt-inside-inner-col\"><style>.wp-block-kadence-advancedheading.kt-adv-heading191_03ba5b-89, .wp-block-kadence-advancedheading.kt-adv-heading191_03ba5b-89[data-kb-block=\"kb-adv-heading191_03ba5b-89\"]{font-style:normal;}.wp-block-kadence-advancedheading.kt-adv-heading191_03ba5b-89 mark.kt-highlight, .wp-block-kadence-advancedheading.kt-adv-heading191_03ba5b-89[data-kb-block=\"kb-adv-heading191_03ba5b-89\"] mark.kt-highlight{font-style:normal;color:#f76a0c;-webkit-box-decoration-break:clone;box-decoration-break:clone;padding-top:0px;padding-right:0px;padding-bottom:0px;padding-left:0px;}<\/style>\n<h5 class=\"kt-adv-heading191_03ba5b-89 wp-block-kadence-advancedheading\" data-kb-block=\"kb-adv-heading191_03ba5b-89\">S<strong>e lancer dans l\u2019impression 3D peut \u00eatre une v\u00e9ritable aventure ! <\/strong><\/h5>\n\n\n<style>.wp-block-kadence-advancedheading.kt-adv-heading191_052ae0-4f, .wp-block-kadence-advancedheading.kt-adv-heading191_052ae0-4f[data-kb-block=\"kb-adv-heading191_052ae0-4f\"]{font-style:normal;}.wp-block-kadence-advancedheading.kt-adv-heading191_052ae0-4f mark.kt-highlight, .wp-block-kadence-advancedheading.kt-adv-heading191_052ae0-4f[data-kb-block=\"kb-adv-heading191_052ae0-4f\"] mark.kt-highlight{font-style:normal;color:#f76a0c;-webkit-box-decoration-break:clone;box-decoration-break:clone;padding-top:0px;padding-right:0px;padding-bottom:0px;padding-left:0px;}<\/style>\n<h6 class=\"kt-adv-heading191_052ae0-4f wp-block-kadence-advancedheading\" data-kb-block=\"kb-adv-heading191_052ae0-4f\"><strong>Les technologies sont vari\u00e9es, les imprimantes 3D nombreuses, les logiciels 3D parfois tr\u00e8s compliqu\u00e9s, il n\u2019est pas facile pour un novice de s\u2019y retrouver.<br>Heureusement, InfoTech90 aide les professionnels et particuliers \u00e0 comprendre les diff\u00e9rents concepts de la fabrication additive. <\/strong><\/h6>\n\n\n<style>.wp-block-kadence-advancedheading.kt-adv-heading191_fe7096-be, .wp-block-kadence-advancedheading.kt-adv-heading191_fe7096-be[data-kb-block=\"kb-adv-heading191_fe7096-be\"]{font-style:normal;}.wp-block-kadence-advancedheading.kt-adv-heading191_fe7096-be mark.kt-highlight, .wp-block-kadence-advancedheading.kt-adv-heading191_fe7096-be[data-kb-block=\"kb-adv-heading191_fe7096-be\"] mark.kt-highlight{font-style:normal;color:#f76a0c;-webkit-box-decoration-break:clone;box-decoration-break:clone;padding-top:0px;padding-right:0px;padding-bottom:0px;padding-left:0px;}<\/style>\n<h6 class=\"kt-adv-heading191_fe7096-be wp-block-kadence-advancedheading\" data-kb-block=\"kb-adv-heading191_fe7096-be\">Quel que soit votre niveau d\u2019expertise, nous vous proposons des solutions adapt\u00e9es \u00e0 votre degr\u00e9 de connaissance et vous accompagnons dans votre projet.<\/h6>\n\n\n<style>.wp-block-kadence-advancedheading.kt-adv-heading191_98b148-ab, .wp-block-kadence-advancedheading.kt-adv-heading191_98b148-ab[data-kb-block=\"kb-adv-heading191_98b148-ab\"]{font-style:normal;}.wp-block-kadence-advancedheading.kt-adv-heading191_98b148-ab mark.kt-highlight, .wp-block-kadence-advancedheading.kt-adv-heading191_98b148-ab[data-kb-block=\"kb-adv-heading191_98b148-ab\"] mark.kt-highlight{font-style:normal;color:#f76a0c;-webkit-box-decoration-break:clone;box-decoration-break:clone;padding-top:0px;padding-right:0px;padding-bottom:0px;padding-left:0px;}<\/style>\n<h6 class=\"kt-adv-heading191_98b148-ab wp-block-kadence-advancedheading\" data-kb-block=\"kb-adv-heading191_98b148-ab\">Nous vous proposons un accompagnement sur mesure, que ce soit en mod\u00e9lisation 3D, dans la mise en route d\u2019une imprimante 3D, l\u2019assemblage d\u2019une machine en kit, le choix des mat\u00e9riaux et autres concepts de la technologie.<\/h6>\n<\/div><\/div>\n\n\n<style>.kadence-column191_35120f-a8 > .kt-inside-inner-col{display:flex;}.kadence-column191_35120f-a8 > .kt-inside-inner-col,.kadence-column191_35120f-a8 > .kt-inside-inner-col:before{border-top-left-radius:0px;border-top-right-radius:0px;border-bottom-right-radius:0px;border-bottom-left-radius:0px;}.kadence-column191_35120f-a8 > .kt-inside-inner-col{column-gap:var(--global-kb-gap-sm, 1rem);}.kadence-column191_35120f-a8 > .kt-inside-inner-col{flex-direction:column;justify-content:center;}.kadence-column191_35120f-a8 > .kt-inside-inner-col > .aligncenter{width:100%;}.kt-row-column-wrap > .kadence-column191_35120f-a8{align-self:center;}.kt-inner-column-height-full:not(.kt-has-1-columns) > .wp-block-kadence-column.kadence-column191_35120f-a8{align-self:auto;}.kt-inner-column-height-full:not(.kt-has-1-columns) > .wp-block-kadence-column.kadence-column191_35120f-a8 > .kt-inside-inner-col{flex-direction:column;justify-content:center;}.kadence-column191_35120f-a8 > .kt-inside-inner-col:before{opacity:0.3;}.kadence-column191_35120f-a8{position:relative;}@media all and (max-width: 1024px){.kt-row-column-wrap > .kadence-column191_35120f-a8{align-self:center;}}@media all and (max-width: 1024px){.kt-inner-column-height-full:not(.kt-has-1-columns) > .wp-block-kadence-column.kadence-column191_35120f-a8{align-self:auto;}}@media all and (max-width: 1024px){.kt-inner-column-height-full:not(.kt-has-1-columns) > .wp-block-kadence-column.kadence-column191_35120f-a8 > .kt-inside-inner-col{flex-direction:column;justify-content:center;}}@media all and (max-width: 1024px){.kadence-column191_35120f-a8 > .kt-inside-inner-col{flex-direction:column;justify-content:center;}}@media all and (max-width: 767px){.kt-row-column-wrap > .kadence-column191_35120f-a8{align-self:center;}.kt-inner-column-height-full:not(.kt-has-1-columns) > .wp-block-kadence-column.kadence-column191_35120f-a8{align-self:auto;}.kt-inner-column-height-full:not(.kt-has-1-columns) > .wp-block-kadence-column.kadence-column191_35120f-a8 > .kt-inside-inner-col{flex-direction:column;justify-content:center;}.kadence-column191_35120f-a8 > .kt-inside-inner-col{flex-direction:column;justify-content:center;}}<\/style>\n<div class=\"wp-block-kadence-column kadence-column191_35120f-a8\"><div class=\"kt-inside-inner-col\"><style>.kb-image191_e045af-a8 .kb-image-has-overlay:after{opacity:0.3;}.kb-image191_e045af-a8 img.kb-img, .kb-image191_e045af-a8 .kb-img img{-webkit-mask-image:url(https:\/\/www.infotech90.fr\/wp-content\/plugins\/kadence-blocks\/includes\/assets\/images\/masks\/circle.svg);mask-image:url(https:\/\/www.infotech90.fr\/wp-content\/plugins\/kadence-blocks\/includes\/assets\/images\/masks\/circle.svg);-webkit-mask-size:auto;mask-size:auto;-webkit-mask-repeat:no-repeat;mask-repeat:no-repeat;-webkit-mask-position:center;mask-position:center;}<\/style>\n<figure class=\"wp-block-kadence-image kb-image191_e045af-a8 size-full\"><img fetchpriority=\"high\" decoding=\"async\" width=\"768\" height=\"768\" src=\"http:\/\/www.infotech90.fr\/wp-content\/uploads\/2024\/10\/image-768x768abcde.jpg\" alt=\"\" class=\"kb-img wp-image-26\" srcset=\"https:\/\/www.infotech90.fr\/wp-content\/uploads\/2024\/10\/image-768x768abcde.jpg 768w, https:\/\/www.infotech90.fr\/wp-content\/uploads\/2024\/10\/image-768x768abcde-300x300.jpg 300w, https:\/\/www.infotech90.fr\/wp-content\/uploads\/2024\/10\/image-768x768abcde-150x150.jpg 150w\" sizes=\"(max-width: 768px) 100vw, 768px\" \/><\/figure>\n<\/div><\/div>\n\n<\/div><\/div>\n\n\n<p><\/p>\n","protected":false},"excerpt":{"rendered":"<p>Se lancer dans l\u2019impression 3D peut \u00eatre une v\u00e9ritable aventure ! Les technologies sont vari\u00e9es, les imprimantes 3D nombreuses, les logiciels 3D parfois tr\u00e8s compliqu\u00e9s, il n\u2019est pas facile pour un novice de s\u2019y retrouver.Heureusement, InfoTech90 aide les professionnels et particuliers \u00e0 comprendre les diff\u00e9rents concepts de la fabrication additive. Quel que soit votre niveau&#8230;<\/p>\n","protected":false},"author":1,"featured_media":0,"parent":2,"menu_order":0,"comment_status":"closed","ping_status":"closed","template":"","meta":{"_kad_post_transparent":"","_kad_post_title":"","_kad_post_layout":"","_kad_post_sidebar_id":"","_kad_post_content_style":"","_kad_post_vertical_padding":"","_kad_post_feature":"","_kad_post_feature_position":"","_kad_post_header":false,"_kad_post_footer":false,"_kad_post_classname":"","footnotes":""},"class_list":["post-191","page","type-page","status-publish","hentry"],"yoast_head":"<!-- This site is optimized with the Yoast SEO plugin v27.4 - https:\/\/yoast.com\/product\/yoast-seo-wordpress\/ -->\r\n<title>Impression 3D - infotech90.fr<\/title>\r\n<meta name=\"robots\" content=\"index, follow, max-snippet:-1, max-image-preview:large, max-video-preview:-1\" \/>\r\n<link rel=\"canonical\" href=\"https:\/\/www.infotech90.fr\/index.php\/services\/impression-3d\/\" \/>\r\n<meta property=\"og:locale\" content=\"fr_FR\" \/>\r\n<meta property=\"og:type\" content=\"article\" \/>\r\n<meta property=\"og:title\" content=\"Impression 3D - infotech90.fr\" \/>\r\n<meta property=\"og:description\" content=\"Se lancer dans l\u2019impression 3D peut \u00eatre une v\u00e9ritable aventure ! Les technologies sont vari\u00e9es, les imprimantes 3D nombreuses, les logiciels 3D parfois tr\u00e8s compliqu\u00e9s, il n\u2019est pas facile pour un novice de s\u2019y retrouver.Heureusement, InfoTech90 aide les professionnels et particuliers \u00e0 comprendre les diff\u00e9rents concepts de la fabrication additive. Quel que soit votre niveau...\" \/>\r\n<meta property=\"og:url\" content=\"https:\/\/www.infotech90.fr\/index.php\/services\/impression-3d\/\" \/>\r\n<meta property=\"og:site_name\" content=\"infotech90.fr\" \/>\r\n<meta property=\"article:modified_time\" content=\"2024-10-11T14:46:26+00:00\" \/>\r\n<meta property=\"og:image\" content=\"http:\/\/www.infotech90.fr\/wp-content\/uploads\/2024\/10\/image-768x768abcde.jpg\" \/>\r\n<meta name=\"twitter:card\" content=\"summary_large_image\" \/>\r\n<meta name=\"twitter:label1\" content=\"Dur\u00e9e de lecture estim\u00e9e\" \/>\n\t<meta name=\"twitter:data1\" content=\"1 minute\" \/>\r\n<script type=\"application\/ld+json\" class=\"yoast-schema-graph\">{\"@context\":\"https:\\\/\\\/schema.org\",\"@graph\":[{\"@type\":\"WebPage\",\"@id\":\"https:\\\/\\\/www.infotech90.fr\\\/index.php\\\/services\\\/impression-3d\\\/\",\"url\":\"https:\\\/\\\/www.infotech90.fr\\\/index.php\\\/services\\\/impression-3d\\\/\",\"name\":\"Impression 3D - infotech90.fr\",\"isPartOf\":{\"@id\":\"https:\\\/\\\/www.infotech90.fr\\\/#website\"},\"primaryImageOfPage\":{\"@id\":\"https:\\\/\\\/www.infotech90.fr\\\/index.php\\\/services\\\/impression-3d\\\/#primaryimage\"},\"image\":{\"@id\":\"https:\\\/\\\/www.infotech90.fr\\\/index.php\\\/services\\\/impression-3d\\\/#primaryimage\"},\"thumbnailUrl\":\"http:\\\/\\\/www.infotech90.fr\\\/wp-content\\\/uploads\\\/2024\\\/10\\\/image-768x768abcde.jpg\",\"datePublished\":\"2024-10-10T14:56:27+00:00\",\"dateModified\":\"2024-10-11T14:46:26+00:00\",\"breadcrumb\":{\"@id\":\"https:\\\/\\\/www.infotech90.fr\\\/index.php\\\/services\\\/impression-3d\\\/#breadcrumb\"},\"inLanguage\":\"fr-FR\",\"potentialAction\":[{\"@type\":\"ReadAction\",\"target\":[\"https:\\\/\\\/www.infotech90.fr\\\/index.php\\\/services\\\/impression-3d\\\/\"]}]},{\"@type\":\"ImageObject\",\"inLanguage\":\"fr-FR\",\"@id\":\"https:\\\/\\\/www.infotech90.fr\\\/index.php\\\/services\\\/impression-3d\\\/#primaryimage\",\"url\":\"https:\\\/\\\/www.infotech90.fr\\\/wp-content\\\/uploads\\\/2024\\\/10\\\/image-768x768abcde.jpg\",\"contentUrl\":\"https:\\\/\\\/www.infotech90.fr\\\/wp-content\\\/uploads\\\/2024\\\/10\\\/image-768x768abcde.jpg\",\"width\":768,\"height\":768},{\"@type\":\"BreadcrumbList\",\"@id\":\"https:\\\/\\\/www.infotech90.fr\\\/index.php\\\/services\\\/impression-3d\\\/#breadcrumb\",\"itemListElement\":[{\"@type\":\"ListItem\",\"position\":1,\"name\":\"Accueil\",\"item\":\"https:\\\/\\\/www.infotech90.fr\\\/\"},{\"@type\":\"ListItem\",\"position\":2,\"name\":\"Nos services\",\"item\":\"https:\\\/\\\/www.infotech90.fr\\\/index.php\\\/services\\\/\"},{\"@type\":\"ListItem\",\"position\":3,\"name\":\"Impression 3D\"}]},{\"@type\":\"WebSite\",\"@id\":\"https:\\\/\\\/www.infotech90.fr\\\/#website\",\"url\":\"https:\\\/\\\/www.infotech90.fr\\\/\",\"name\":\"Infotech90.fr\",\"description\":\"\",\"publisher\":{\"@id\":\"https:\\\/\\\/www.infotech90.fr\\\/#organization\"},\"potentialAction\":[{\"@type\":\"SearchAction\",\"target\":{\"@type\":\"EntryPoint\",\"urlTemplate\":\"https:\\\/\\\/www.infotech90.fr\\\/?s={search_term_string}\"},\"query-input\":{\"@type\":\"PropertyValueSpecification\",\"valueRequired\":true,\"valueName\":\"search_term_string\"}}],\"inLanguage\":\"fr-FR\"},{\"@type\":\"Organization\",\"@id\":\"https:\\\/\\\/www.infotech90.fr\\\/#organization\",\"name\":\"Infotech90.fr\",\"url\":\"https:\\\/\\\/www.infotech90.fr\\\/\",\"logo\":{\"@type\":\"ImageObject\",\"inLanguage\":\"fr-FR\",\"@id\":\"https:\\\/\\\/www.infotech90.fr\\\/#\\\/schema\\\/logo\\\/image\\\/\",\"url\":\"https:\\\/\\\/www.infotech90.fr\\\/wp-content\\\/uploads\\\/2024\\\/10\\\/cropped-logo-Infotech90.png\",\"contentUrl\":\"https:\\\/\\\/www.infotech90.fr\\\/wp-content\\\/uploads\\\/2024\\\/10\\\/cropped-logo-Infotech90.png\",\"width\":1644,\"height\":542,\"caption\":\"Infotech90.fr\"},\"image\":{\"@id\":\"https:\\\/\\\/www.infotech90.fr\\\/#\\\/schema\\\/logo\\\/image\\\/\"}}]}<\/script>\r\n<!-- \/ Yoast SEO plugin. -->","yoast_head_json":{"title":"Impression 3D - infotech90.fr","robots":{"index":"index","follow":"follow","max-snippet":"max-snippet:-1","max-image-preview":"max-image-preview:large","max-video-preview":"max-video-preview:-1"},"canonical":"https:\/\/www.infotech90.fr\/index.php\/services\/impression-3d\/","og_locale":"fr_FR","og_type":"article","og_title":"Impression 3D - infotech90.fr","og_description":"Se lancer dans l\u2019impression 3D peut \u00eatre une v\u00e9ritable aventure ! Les technologies sont vari\u00e9es, les imprimantes 3D nombreuses, les logiciels 3D parfois tr\u00e8s compliqu\u00e9s, il n\u2019est pas facile pour un novice de s\u2019y retrouver.Heureusement, InfoTech90 aide les professionnels et particuliers \u00e0 comprendre les diff\u00e9rents concepts de la fabrication additive. Quel que soit votre niveau...","og_url":"https:\/\/www.infotech90.fr\/index.php\/services\/impression-3d\/","og_site_name":"infotech90.fr","article_modified_time":"2024-10-11T14:46:26+00:00","og_image":[{"url":"http:\/\/www.infotech90.fr\/wp-content\/uploads\/2024\/10\/image-768x768abcde.jpg","type":"","width":"","height":""}],"twitter_card":"summary_large_image","twitter_misc":{"Dur\u00e9e de lecture estim\u00e9e":"1 minute"},"schema":{"@context":"https:\/\/schema.org","@graph":[{"@type":"WebPage","@id":"https:\/\/www.infotech90.fr\/index.php\/services\/impression-3d\/","url":"https:\/\/www.infotech90.fr\/index.php\/services\/impression-3d\/","name":"Impression 3D - infotech90.fr","isPartOf":{"@id":"https:\/\/www.infotech90.fr\/#website"},"primaryImageOfPage":{"@id":"https:\/\/www.infotech90.fr\/index.php\/services\/impression-3d\/#primaryimage"},"image":{"@id":"https:\/\/www.infotech90.fr\/index.php\/services\/impression-3d\/#primaryimage"},"thumbnailUrl":"http:\/\/www.infotech90.fr\/wp-content\/uploads\/2024\/10\/image-768x768abcde.jpg","datePublished":"2024-10-10T14:56:27+00:00","dateModified":"2024-10-11T14:46:26+00:00","breadcrumb":{"@id":"https:\/\/www.infotech90.fr\/index.php\/services\/impression-3d\/#breadcrumb"},"inLanguage":"fr-FR","potentialAction":[{"@type":"ReadAction","target":["https:\/\/www.infotech90.fr\/index.php\/services\/impression-3d\/"]}]},{"@type":"ImageObject","inLanguage":"fr-FR","@id":"https:\/\/www.infotech90.fr\/index.php\/services\/impression-3d\/#primaryimage","url":"https:\/\/www.infotech90.fr\/wp-content\/uploads\/2024\/10\/image-768x768abcde.jpg","contentUrl":"https:\/\/www.infotech90.fr\/wp-content\/uploads\/2024\/10\/image-768x768abcde.jpg","width":768,"height":768},{"@type":"BreadcrumbList","@id":"https:\/\/www.infotech90.fr\/index.php\/services\/impression-3d\/#breadcrumb","itemListElement":[{"@type":"ListItem","position":1,"name":"Accueil","item":"https:\/\/www.infotech90.fr\/"},{"@type":"ListItem","position":2,"name":"Nos services","item":"https:\/\/www.infotech90.fr\/index.php\/services\/"},{"@type":"ListItem","position":3,"name":"Impression 3D"}]},{"@type":"WebSite","@id":"https:\/\/www.infotech90.fr\/#website","url":"https:\/\/www.infotech90.fr\/","name":"Infotech90.fr","description":"","publisher":{"@id":"https:\/\/www.infotech90.fr\/#organization"},"potentialAction":[{"@type":"SearchAction","target":{"@type":"EntryPoint","urlTemplate":"https:\/\/www.infotech90.fr\/?s={search_term_string}"},"query-input":{"@type":"PropertyValueSpecification","valueRequired":true,"valueName":"search_term_string"}}],"inLanguage":"fr-FR"},{"@type":"Organization","@id":"https:\/\/www.infotech90.fr\/#organization","name":"Infotech90.fr","url":"https:\/\/www.infotech90.fr\/","logo":{"@type":"ImageObject","inLanguage":"fr-FR","@id":"https:\/\/www.infotech90.fr\/#\/schema\/logo\/image\/","url":"https:\/\/www.infotech90.fr\/wp-content\/uploads\/2024\/10\/cropped-logo-Infotech90.png","contentUrl":"https:\/\/www.infotech90.fr\/wp-content\/uploads\/2024\/10\/cropped-logo-Infotech90.png","width":1644,"height":542,"caption":"Infotech90.fr"},"image":{"@id":"https:\/\/www.infotech90.fr\/#\/schema\/logo\/image\/"}}]}},"_links":{"self":[{"href":"https:\/\/www.infotech90.fr\/index.php\/wp-json\/wp\/v2\/pages\/191","targetHints":{"allow":["GET"]}}],"collection":[{"href":"https:\/\/www.infotech90.fr\/index.php\/wp-json\/wp\/v2\/pages"}],"about":[{"href":"https:\/\/www.infotech90.fr\/index.php\/wp-json\/wp\/v2\/types\/page"}],"author":[{"embeddable":true,"href":"https:\/\/www.infotech90.fr\/index.php\/wp-json\/wp\/v2\/users\/1"}],"replies":[{"embeddable":true,"href":"https:\/\/www.infotech90.fr\/index.php\/wp-json\/wp\/v2\/comments?post=191"}],"version-history":[{"count":4,"href":"https:\/\/www.infotech90.fr\/index.php\/wp-json\/wp\/v2\/pages\/191\/revisions"}],"predecessor-version":[{"id":251,"href":"https:\/\/www.infotech90.fr\/index.php\/wp-json\/wp\/v2\/pages\/191\/revisions\/251"}],"up":[{"embeddable":true,"href":"https:\/\/www.infotech90.fr\/index.php\/wp-json\/wp\/v2\/pages\/2"}],"wp:attachment":[{"href":"https:\/\/www.infotech90.fr\/index.php\/wp-json\/wp\/v2\/media?parent=191"}],"curies":[{"name":"wp","href":"https:\/\/api.w.org\/{rel}","templated":true}]}}