{"id":84,"date":"2024-10-06T14:43:30","date_gmt":"2024-10-06T12:43:30","guid":{"rendered":"https:\/\/www.infotech90.fr\/?page_id=84"},"modified":"2024-10-11T17:11:02","modified_gmt":"2024-10-11T15:11:02","slug":"contacts","status":"publish","type":"page","link":"https:\/\/www.infotech90.fr\/index.php\/contacts\/","title":{"rendered":"Contacts"},"content":{"rendered":"\n<div class=\"wp-block-columns is-layout-flex wp-container-core-columns-is-layout-9d6595d7 wp-block-columns-is-layout-flex\">\n<div class=\"wp-block-column is-layout-flow wp-block-column-is-layout-flow\" style=\"border-width:2px;padding-top:0;padding-right:var(--wp--preset--spacing--60);padding-bottom:0;padding-left:var(--wp--preset--spacing--60);flex-basis:70%\"><style>.wp-block-kadence-advancedheading.kt-adv-heading84_9c51c8-78, .wp-block-kadence-advancedheading.kt-adv-heading84_9c51c8-78[data-kb-block=\"kb-adv-heading84_9c51c8-78\"]{font-style:normal;}.wp-block-kadence-advancedheading.kt-adv-heading84_9c51c8-78 mark.kt-highlight, .wp-block-kadence-advancedheading.kt-adv-heading84_9c51c8-78[data-kb-block=\"kb-adv-heading84_9c51c8-78\"] mark.kt-highlight{font-style:normal;color:#f76a0c;-webkit-box-decoration-break:clone;box-decoration-break:clone;padding-top:0px;padding-right:0px;padding-bottom:0px;padding-left:0px;}<\/style>\n<h2 class=\"kt-adv-heading84_9c51c8-78 wp-block-kadence-advancedheading has-theme-palette-1-color has-text-color\" data-kb-block=\"kb-adv-heading84_9c51c8-78\">Heures d&rsquo;ouverture :<\/h2>\n\n\n\n<p>Nous sommes joignables :<\/p>\n\n\n\n<p>Du Lundi au Samedi de 09h00 \u00e0 20h00<\/p>\n\n\n\n<p>Le Dimanche de 10h00 \u00e0 18h00 (Urgences Uniquement)<\/p>\n\n\n<style>.wp-block-kadence-advancedheading.kt-adv-heading84_a50268-84, .wp-block-kadence-advancedheading.kt-adv-heading84_a50268-84[data-kb-block=\"kb-adv-heading84_a50268-84\"]{font-style:normal;}.wp-block-kadence-advancedheading.kt-adv-heading84_a50268-84 mark.kt-highlight, .wp-block-kadence-advancedheading.kt-adv-heading84_a50268-84[data-kb-block=\"kb-adv-heading84_a50268-84\"] mark.kt-highlight{font-style:normal;color:#f76a0c;-webkit-box-decoration-break:clone;box-decoration-break:clone;padding-top:0px;padding-right:0px;padding-bottom:0px;padding-left:0px;}<\/style>\n<h2 class=\"kt-adv-heading84_a50268-84 wp-block-kadence-advancedheading has-theme-palette-1-color has-text-color\" data-kb-block=\"kb-adv-heading84_a50268-84\">Contactez-nous :<\/h2>\n\n\n\n<p>T\u00e9l\u00e9phone:\u00a0<a href=\"tel:0786675376\">07 86 67 53 76<\/a><\/p>\n\n\n\n<p>E-mail:\u00a0<a href=\"mailto:contact@infotech90.fr\">contact@infotech90.fr<\/a><\/p>\n\n\n\n<p>Adresse : 37D Rue du g\u00e9n\u00e9ral Gaulard &#8211; 90000 Belfort<\/p>\n\n\n\n<p><\/p>\n<\/div>\n\n\n\n<div class=\"wp-block-column is-layout-flow wp-block-column-is-layout-flow\" style=\"flex-basis:50%\"><style>.kadence-form-84_ed1f5f-69 .kb-form .kadence-blocks-form-field{margin-bottom:39px;}.kadence-form-84_ed1f5f-69 .kb-form .kadence-blocks-form-field{padding-right:7px;padding-left:7px;}.kadence-form-84_ed1f5f-69 .kb-form{margin-right:-7px;margin-left:-7px;}.kadence-form-84_ed1f5f-69 .kb-form .kadence-blocks-form-field .kb-text-style-field, .kadence-form-84_ed1f5f-69 .kb-form .kadence-blocks-form-field .kb-select-style-field{border-radius:10px;font-size:var(--global-kb-font-size-sm, 0.9rem);border-width:2px 2px 2px 2px;}.kadence-form-84_ed1f5f-69 .kb-form .kadence-blocks-form-field > label{line-height:25px;letter-spacing:0.5px;text-transform:none;}.kadence-form-84_ed1f5f-69 .kb-form .kadence-blocks-form-field.kb-accept-form-field .kb-checkbox-style{font-size:25px;height:1em;}.kadence-form-84_ed1f5f-69 .kb-form .kadence-blocks-form-field .kb-forms-submit{border-radius:13px;border-width:0px 0px 0px 0px;box-shadow:4px 4px 8px 0px var(--global-palette6, #718096);}.kb-form input.kadence-blocks-field.verify{opacity:0.0;position:absolute;top:0.0;left:0.0;width:0.0;height:0.0;z-index:-1;}<\/style>\n<div class=\"wp-block-kadence-form kadence-form-84_ed1f5f-69 kb-form-wrap\"><form class=\"kb-form\" action=\"\" method=\"post\"><div class=\"kadence-blocks-form-field kb-field-desk-width-50 kb-input-size-small\"><label for=\"kb_field_84_ed1f5f-69_0\">Nom<span class=\"required\">*<\/span><\/label><input name=\"kb_field_0\" id=\"kb_field_84_ed1f5f-69_0\" data-label=\"Nom\" type=\"text\" placeholder=\"\" value=\"\" data-type=\"text\" class=\"kb-field kb-text-style-field kb-text-field kb-field-0\" data-required=\"yes\"\/><\/div><div class=\"kadence-blocks-form-field kb-form-field-1 kb-field-desk-width-50 kb-input-size-small\"><label for=\"kb_field_84_ed1f5f-69_1\">Prenom<span class=\"required\">*<\/span><\/label><input name=\"kb_field_1\" id=\"kb_field_84_ed1f5f-69_1\" data-label=\"Prenom\" type=\"text\" placeholder=\"\" value=\"\" data-type=\"text\" class=\"kb-field kb-text-style-field kb-text-field kb-field-1\" data-required=\"yes\"\/><\/div><div class=\"kadence-blocks-form-field kb-form-field-2 kb-field-desk-width-66 kb-input-size-small\"><label for=\"kb_field_84_ed1f5f-69_2\">E-mail<span class=\"required\">*<\/span><\/label><input name=\"kb_field_2\" id=\"kb_field_84_ed1f5f-69_2\" data-label=\"E-mail\" type=\"email\" placeholder=\"\" value=\"\" data-type=\"email\" class=\"kb-field kb-text-style-field kb-email-field kb-field-2\" data-required=\"yes\"\/><\/div><div class=\"kadence-blocks-form-field kb-form-field-3 kb-field-desk-width-33 kb-input-size-small\"><label for=\"kb_field_84_ed1f5f-69_3\">N\u00b0 de T\u00e9l\u00e9phone<\/label><input name=\"kb_field_3\" id=\"kb_field_84_ed1f5f-69_3\" data-label=\"N\u00b0 de T\u00e9l\u00e9phone\" type=\"text\" placeholder=\"\" value=\"\" data-type=\"text\" class=\"kb-field kb-text-style-field kb-text-field kb-field-3\"\/><\/div><div class=\"kadence-blocks-form-field kb-form-field-4 kb-field-desk-width-33 kb-input-size-small\"><label for=\"kb_field_84_ed1f5f-69_4\">Code Postal<span class=\"required\">*<\/span><\/label><input name=\"kb_field_4\" id=\"kb_field_84_ed1f5f-69_4\" data-label=\"Code Postal\" type=\"text\" placeholder=\"\" value=\"\" data-type=\"text\" class=\"kb-field kb-text-style-field kb-text-field kb-field-4\" data-required=\"yes\"\/><\/div><div class=\"kadence-blocks-form-field kb-form-field-5 kb-field-desk-width-66 kb-input-size-small\"><label for=\"kb_field_84_ed1f5f-69_5\">Ville<span class=\"required\">*<\/span><\/label><input name=\"kb_field_5\" id=\"kb_field_84_ed1f5f-69_5\" data-label=\"Ville\" type=\"text\" placeholder=\"\" value=\"\" data-type=\"text\" class=\"kb-field kb-text-style-field kb-text-field kb-field-5\" data-required=\"yes\"\/><\/div><div class=\"kadence-blocks-form-field kb-form-field-6 kb-field-desk-width-100 kb-input-size-small\"><label for=\"kb_field_84_ed1f5f-69_6\">Message<span class=\"required\">*<\/span><\/label><textarea name=\"kb_field_6\" id=\"kb_field_84_ed1f5f-69_6\" data-label=\"Message\" type=\"textarea\" placeholder=\"\" data-type=\"textarea\" class=\"kb-field kb-text-style-field kb-textarea-field kb-field-6\" rows=\"4\" data-required=\"yes\"><\/textarea><\/div><input type=\"hidden\" name=\"_kb_form_id\" value=\"84_ed1f5f-69\"\/><input type=\"hidden\" name=\"_kb_form_post_id\" value=\"84\"\/><input type=\"hidden\" name=\"action\" value=\"kb_process_ajax_submit\"\/><label class=\"kadence-verify-label\">Email<input class=\"kadence-blocks-field verify\" type=\"text\" name=\"_kb_verify_email\" autocomplete=\"new-password\" aria-hidden=\"true\" placeholder=\"Email\" tabindex=\"-1\" data-1p-ignore=\"true\" data-lpignore=\"true\" \/><\/label><div class=\"kadence-blocks-form-field kb-submit-field kb-field-desk-width-100\"><button class=\"kb-forms-submit button kb-button-size-standard kb-button-width-auto\">Envoyer le message \u00e0 Infotech90<\/button><\/div><\/form><\/div>\n<noscript><div class=\"kadence-blocks-form-message kadence-blocks-form-warning\">Veuillez activer JavaScript dans votre navigateur pour envoyer le formulaire.<\/div><style>.kadence-form-84_ed1f5f-69 .kadence-blocks-form-field.kb-submit-field { display: none; }<\/style><\/noscript><\/div>\n<\/div>\n\n\n\n<p><\/p>\n","protected":false},"excerpt":{"rendered":"<p>Heures d&rsquo;ouverture : Nous sommes joignables : Du Lundi au Samedi de 09h00 \u00e0 20h00 Le Dimanche de 10h00 \u00e0 18h00 (Urgences Uniquement) Contactez-nous : T\u00e9l\u00e9phone:\u00a007 86 67 53 76 E-mail:\u00a0contact@infotech90.fr Adresse : 37D Rue du g\u00e9n\u00e9ral Gaulard &#8211; 90000 Belfort<\/p>\n","protected":false},"author":1,"featured_media":0,"parent":0,"menu_order":0,"comment_status":"closed","ping_status":"closed","template":"elementor_theme","meta":{"_kad_post_transparent":"","_kad_post_title":"","_kad_post_layout":"","_kad_post_sidebar_id":"","_kad_post_content_style":"","_kad_post_vertical_padding":"","_kad_post_feature":"","_kad_post_feature_position":"","_kad_post_header":false,"_kad_post_footer":false,"_kad_post_classname":"","footnotes":""},"class_list":["post-84","page","type-page","status-publish","hentry"],"yoast_head":"<!-- This site is optimized with the Yoast SEO plugin v27.4 - https:\/\/yoast.com\/product\/yoast-seo-wordpress\/ -->\r\n<title>Contacts - infotech90.fr<\/title>\r\n<meta name=\"robots\" content=\"index, follow, max-snippet:-1, max-image-preview:large, max-video-preview:-1\" \/>\r\n<link rel=\"canonical\" href=\"https:\/\/www.infotech90.fr\/index.php\/contacts\/\" \/>\r\n<meta property=\"og:locale\" content=\"fr_FR\" \/>\r\n<meta property=\"og:type\" content=\"article\" \/>\r\n<meta property=\"og:title\" content=\"Contacts - infotech90.fr\" \/>\r\n<meta property=\"og:description\" content=\"Heures d&rsquo;ouverture : Nous sommes joignables : Du Lundi au Samedi de 09h00 \u00e0 20h00 Le Dimanche de 10h00 \u00e0 18h00 (Urgences Uniquement) Contactez-nous : T\u00e9l\u00e9phone:\u00a007 86 67 53 76 E-mail:\u00a0contact@infotech90.fr Adresse : 37D Rue du g\u00e9n\u00e9ral Gaulard &#8211; 90000 Belfort\" \/>\r\n<meta property=\"og:url\" content=\"https:\/\/www.infotech90.fr\/index.php\/contacts\/\" \/>\r\n<meta property=\"og:site_name\" content=\"infotech90.fr\" \/>\r\n<meta property=\"article:modified_time\" content=\"2024-10-11T15:11:02+00:00\" \/>\r\n<meta name=\"twitter:card\" content=\"summary_large_image\" \/>\r\n<meta name=\"twitter:label1\" content=\"Dur\u00e9e de lecture estim\u00e9e\" \/>\n\t<meta name=\"twitter:data1\" content=\"1 minute\" \/>\r\n<script type=\"application\/ld+json\" class=\"yoast-schema-graph\">{\"@context\":\"https:\\\/\\\/schema.org\",\"@graph\":[{\"@type\":\"WebPage\",\"@id\":\"https:\\\/\\\/www.infotech90.fr\\\/index.php\\\/contacts\\\/\",\"url\":\"https:\\\/\\\/www.infotech90.fr\\\/index.php\\\/contacts\\\/\",\"name\":\"Contacts - infotech90.fr\",\"isPartOf\":{\"@id\":\"https:\\\/\\\/www.infotech90.fr\\\/#website\"},\"datePublished\":\"2024-10-06T12:43:30+00:00\",\"dateModified\":\"2024-10-11T15:11:02+00:00\",\"breadcrumb\":{\"@id\":\"https:\\\/\\\/www.infotech90.fr\\\/index.php\\\/contacts\\\/#breadcrumb\"},\"inLanguage\":\"fr-FR\",\"potentialAction\":[{\"@type\":\"ReadAction\",\"target\":[\"https:\\\/\\\/www.infotech90.fr\\\/index.php\\\/contacts\\\/\"]}]},{\"@type\":\"BreadcrumbList\",\"@id\":\"https:\\\/\\\/www.infotech90.fr\\\/index.php\\\/contacts\\\/#breadcrumb\",\"itemListElement\":[{\"@type\":\"ListItem\",\"position\":1,\"name\":\"Accueil\",\"item\":\"https:\\\/\\\/www.infotech90.fr\\\/\"},{\"@type\":\"ListItem\",\"position\":2,\"name\":\"Contacts\"}]},{\"@type\":\"WebSite\",\"@id\":\"https:\\\/\\\/www.infotech90.fr\\\/#website\",\"url\":\"https:\\\/\\\/www.infotech90.fr\\\/\",\"name\":\"Infotech90.fr\",\"description\":\"\",\"publisher\":{\"@id\":\"https:\\\/\\\/www.infotech90.fr\\\/#organization\"},\"potentialAction\":[{\"@type\":\"SearchAction\",\"target\":{\"@type\":\"EntryPoint\",\"urlTemplate\":\"https:\\\/\\\/www.infotech90.fr\\\/?s={search_term_string}\"},\"query-input\":{\"@type\":\"PropertyValueSpecification\",\"valueRequired\":true,\"valueName\":\"search_term_string\"}}],\"inLanguage\":\"fr-FR\"},{\"@type\":\"Organization\",\"@id\":\"https:\\\/\\\/www.infotech90.fr\\\/#organization\",\"name\":\"Infotech90.fr\",\"url\":\"https:\\\/\\\/www.infotech90.fr\\\/\",\"logo\":{\"@type\":\"ImageObject\",\"inLanguage\":\"fr-FR\",\"@id\":\"https:\\\/\\\/www.infotech90.fr\\\/#\\\/schema\\\/logo\\\/image\\\/\",\"url\":\"https:\\\/\\\/www.infotech90.fr\\\/wp-content\\\/uploads\\\/2024\\\/10\\\/cropped-logo-Infotech90.png\",\"contentUrl\":\"https:\\\/\\\/www.infotech90.fr\\\/wp-content\\\/uploads\\\/2024\\\/10\\\/cropped-logo-Infotech90.png\",\"width\":1644,\"height\":542,\"caption\":\"Infotech90.fr\"},\"image\":{\"@id\":\"https:\\\/\\\/www.infotech90.fr\\\/#\\\/schema\\\/logo\\\/image\\\/\"}}]}<\/script>\r\n<!-- \/ Yoast SEO plugin. -->","yoast_head_json":{"title":"Contacts - infotech90.fr","robots":{"index":"index","follow":"follow","max-snippet":"max-snippet:-1","max-image-preview":"max-image-preview:large","max-video-preview":"max-video-preview:-1"},"canonical":"https:\/\/www.infotech90.fr\/index.php\/contacts\/","og_locale":"fr_FR","og_type":"article","og_title":"Contacts - infotech90.fr","og_description":"Heures d&rsquo;ouverture : Nous sommes joignables : Du Lundi au Samedi de 09h00 \u00e0 20h00 Le Dimanche de 10h00 \u00e0 18h00 (Urgences Uniquement) Contactez-nous : T\u00e9l\u00e9phone:\u00a007 86 67 53 76 E-mail:\u00a0contact@infotech90.fr Adresse : 37D Rue du g\u00e9n\u00e9ral Gaulard &#8211; 90000 Belfort","og_url":"https:\/\/www.infotech90.fr\/index.php\/contacts\/","og_site_name":"infotech90.fr","article_modified_time":"2024-10-11T15:11:02+00:00","twitter_card":"summary_large_image","twitter_misc":{"Dur\u00e9e de lecture estim\u00e9e":"1 minute"},"schema":{"@context":"https:\/\/schema.org","@graph":[{"@type":"WebPage","@id":"https:\/\/www.infotech90.fr\/index.php\/contacts\/","url":"https:\/\/www.infotech90.fr\/index.php\/contacts\/","name":"Contacts - infotech90.fr","isPartOf":{"@id":"https:\/\/www.infotech90.fr\/#website"},"datePublished":"2024-10-06T12:43:30+00:00","dateModified":"2024-10-11T15:11:02+00:00","breadcrumb":{"@id":"https:\/\/www.infotech90.fr\/index.php\/contacts\/#breadcrumb"},"inLanguage":"fr-FR","potentialAction":[{"@type":"ReadAction","target":["https:\/\/www.infotech90.fr\/index.php\/contacts\/"]}]},{"@type":"BreadcrumbList","@id":"https:\/\/www.infotech90.fr\/index.php\/contacts\/#breadcrumb","itemListElement":[{"@type":"ListItem","position":1,"name":"Accueil","item":"https:\/\/www.infotech90.fr\/"},{"@type":"ListItem","position":2,"name":"Contacts"}]},{"@type":"WebSite","@id":"https:\/\/www.infotech90.fr\/#website","url":"https:\/\/www.infotech90.fr\/","name":"Infotech90.fr","description":"","publisher":{"@id":"https:\/\/www.infotech90.fr\/#organization"},"potentialAction":[{"@type":"SearchAction","target":{"@type":"EntryPoint","urlTemplate":"https:\/\/www.infotech90.fr\/?s={search_term_string}"},"query-input":{"@type":"PropertyValueSpecification","valueRequired":true,"valueName":"search_term_string"}}],"inLanguage":"fr-FR"},{"@type":"Organization","@id":"https:\/\/www.infotech90.fr\/#organization","name":"Infotech90.fr","url":"https:\/\/www.infotech90.fr\/","logo":{"@type":"ImageObject","inLanguage":"fr-FR","@id":"https:\/\/www.infotech90.fr\/#\/schema\/logo\/image\/","url":"https:\/\/www.infotech90.fr\/wp-content\/uploads\/2024\/10\/cropped-logo-Infotech90.png","contentUrl":"https:\/\/www.infotech90.fr\/wp-content\/uploads\/2024\/10\/cropped-logo-Infotech90.png","width":1644,"height":542,"caption":"Infotech90.fr"},"image":{"@id":"https:\/\/www.infotech90.fr\/#\/schema\/logo\/image\/"}}]}},"_links":{"self":[{"href":"https:\/\/www.infotech90.fr\/index.php\/wp-json\/wp\/v2\/pages\/84","targetHints":{"allow":["GET"]}}],"collection":[{"href":"https:\/\/www.infotech90.fr\/index.php\/wp-json\/wp\/v2\/pages"}],"about":[{"href":"https:\/\/www.infotech90.fr\/index.php\/wp-json\/wp\/v2\/types\/page"}],"author":[{"embeddable":true,"href":"https:\/\/www.infotech90.fr\/index.php\/wp-json\/wp\/v2\/users\/1"}],"replies":[{"embeddable":true,"href":"https:\/\/www.infotech90.fr\/index.php\/wp-json\/wp\/v2\/comments?post=84"}],"version-history":[{"count":14,"href":"https:\/\/www.infotech90.fr\/index.php\/wp-json\/wp\/v2\/pages\/84\/revisions"}],"predecessor-version":[{"id":270,"href":"https:\/\/www.infotech90.fr\/index.php\/wp-json\/wp\/v2\/pages\/84\/revisions\/270"}],"wp:attachment":[{"href":"https:\/\/www.infotech90.fr\/index.php\/wp-json\/wp\/v2\/media?parent=84"}],"curies":[{"name":"wp","href":"https:\/\/api.w.org\/{rel}","templated":true}]}}